{"id":1053,"date":"2025-11-14T16:39:41","date_gmt":"2025-11-14T16:39:41","guid":{"rendered":"https:\/\/www.urolokihl.com\/?page_id=1053"},"modified":"2025-11-14T16:41:06","modified_gmt":"2025-11-14T16:41:06","slug":"iniciacion-al-hockey-linea","status":"publish","type":"page","link":"https:\/\/www.urolokihl.com\/ca\/iniciacion-al-hockey-linea\/","title":{"rendered":"Iniciaci\u00f3n al Hockey L\u00ednea"},"content":{"rendered":"<div data-elementor-type=\"wp-page\" data-elementor-id=\"1053\" class=\"elementor elementor-1053\" data-elementor-post-type=\"page\">\n\t\t\t\t<div class=\"elementor-element elementor-element-94b78c5 e-flex e-con-boxed e-con e-parent\" data-id=\"94b78c5\" data-element_type=\"container\" data-e-type=\"container\">\n\t\t\t\t\t<div class=\"e-con-inner\">\n\t\t<div class=\"elementor-element elementor-element-5a86313 e-con-full e-flex e-con e-child\" data-id=\"5a86313\" data-element_type=\"container\" data-e-type=\"container\">\n\t\t<div class=\"elementor-element elementor-element-66825f1 e-con-full e-flex e-con e-child\" data-id=\"66825f1\" data-element_type=\"container\" data-e-type=\"container\">\n\t\t\t\t<div class=\"elementor-element elementor-element-64d326b elementor-widget__width-initial elementor-headline--style-highlight elementor-widget elementor-widget-animated-headline\" data-id=\"64d326b\" data-element_type=\"widget\" data-e-type=\"widget\" data-settings=\"{&quot;marker&quot;:&quot;underline_zigzag&quot;,&quot;highlighted_text&quot;:&quot;Iniciaci\\u00f3n&quot;,&quot;headline_style&quot;:&quot;highlight&quot;,&quot;loop&quot;:&quot;yes&quot;,&quot;highlight_animation_duration&quot;:1200,&quot;highlight_iteration_delay&quot;:8000}\" data-widget_type=\"animated-headline.default\">\n\t\t\t\t\t\t\t<h1 class=\"elementor-headline\">\n\t\t\t\t<span class=\"elementor-headline-dynamic-wrapper elementor-headline-text-wrapper\">\n\t\t\t\t\t<span class=\"elementor-headline-dynamic-text elementor-headline-text-active\">Iniciaci\u00f3n<\/span>\n\t\t\t\t<\/span>\n\t\t\t\t\t<span class=\"elementor-headline-plain-text elementor-headline-text-wrapper\">al Hockey L\u00ednea<\/span>\n\t\t\t\t\t<\/h1>\n\t\t\t\t\t\t<\/div>\n\t\t\t\t<\/div>\n\t\t\t\t<\/div>\n\t\t<div class=\"elementor-element elementor-element-b701a50 e-con-full e-flex e-con e-child\" data-id=\"b701a50\" data-element_type=\"container\" data-e-type=\"container\">\n\t\t\t\t<div class=\"elementor-element elementor-element-e61b4e7 elementor-widget elementor-widget-text-editor\" data-id=\"e61b4e7\" data-element_type=\"widget\" data-e-type=\"widget\" data-widget_type=\"text-editor.default\">\n\t\t\t\t\t\t\t\t\t<p data-start=\"358\" data-end=\"660\">En Uroloki damos la bienvenida a <strong data-start=\"391\" data-end=\"446\">ni\u00f1os y ni\u00f1as que quieren descubrir el hockey l\u00ednea<\/strong> desde sus primeras experiencias con stick y puck. Nuestra escoleta es el paso natural despu\u00e9s de aprender a patinar, y est\u00e1 pensada para que cada jugador se inicie de forma segura, divertida y adaptada a su ritmo.<\/p><p data-start=\"662\" data-end=\"848\">La iniciaci\u00f3n es una etapa clave: aqu\u00ed se despierta la pasi\u00f3n por el hockey, se aprenden las bases del juego y se construyen las habilidades que acompa\u00f1ar\u00e1n a los jugadores durante a\u00f1os.<\/p><hr data-start=\"850\" data-end=\"853\" \/><h2 data-start=\"855\" data-end=\"896\"><strong data-start=\"858\" data-end=\"896\">De las Bases del Patinaje al Stick<\/strong><\/h2><p data-start=\"898\" data-end=\"1087\">Antes de entrar de lleno en el hockey l\u00ednea, los jugadores consolidan los aspectos esenciales del patinaje: equilibrio, frenadas, desplazamientos, cambios de direcci\u00f3n y control del cuerpo.<\/p><p data-start=\"1089\" data-end=\"1122\">Una vez preparados, damos paso a:<\/p><ul data-start=\"1124\" data-end=\"1311\"><li data-start=\"1124\" data-end=\"1160\"><p data-start=\"1126\" data-end=\"1160\">Primer contacto con el <strong data-start=\"1149\" data-end=\"1158\">stick<\/strong><\/p><\/li><li data-start=\"1161\" data-end=\"1193\"><p data-start=\"1163\" data-end=\"1193\">Control inicial del <strong data-start=\"1183\" data-end=\"1191\">puck<\/strong><\/p><\/li><li data-start=\"1194\" data-end=\"1227\"><p data-start=\"1196\" data-end=\"1227\">Movimientos b\u00e1sicos del juego<\/p><\/li><li data-start=\"1228\" data-end=\"1272\"><p data-start=\"1230\" data-end=\"1272\">Ejercicios de coordinaci\u00f3n stick\u2013patines<\/p><\/li><li data-start=\"1273\" data-end=\"1311\"><p data-start=\"1275\" data-end=\"1311\">Conceptos simples de posicionamiento<\/p><\/li><\/ul><p data-start=\"1313\" data-end=\"1459\">Siempre trabajamos con din\u00e1micas l\u00fadicas, ejercicios progresivos y explicaciones f\u00e1ciles para que los peque\u00f1os entiendan cada paso sin frustrarse.<\/p><hr data-start=\"1461\" data-end=\"1464\" \/><h2 data-start=\"1466\" data-end=\"1506\"><strong data-start=\"1469\" data-end=\"1506\">Primeros Pasos en el Hockey L\u00ednea<\/strong><\/h2><p data-start=\"1508\" data-end=\"1596\">El objetivo principal es que los ni\u00f1os y ni\u00f1as <strong data-start=\"1555\" data-end=\"1580\">disfruten aprendiendo<\/strong>. En esta etapa:<\/p><ul data-start=\"1598\" data-end=\"1828\"><li data-start=\"1598\" data-end=\"1648\"><p data-start=\"1600\" data-end=\"1648\">Se introducen <strong data-start=\"1614\" data-end=\"1646\">habilidades t\u00e9cnicas b\u00e1sicas<\/strong><\/p><\/li><li data-start=\"1649\" data-end=\"1688\"><p data-start=\"1651\" data-end=\"1688\">Se trabajan juegos con stick y puck<\/p><\/li><li data-start=\"1689\" data-end=\"1735\"><p data-start=\"1691\" data-end=\"1735\">Se aprenden las primeras normas del hockey<\/p><\/li><li data-start=\"1736\" data-end=\"1780\"><p data-start=\"1738\" data-end=\"1780\">Se fomenta la creatividad y la confianza<\/p><\/li><li data-start=\"1781\" data-end=\"1828\"><p data-start=\"1783\" data-end=\"1828\">Se incorpora la idea de <strong data-start=\"1807\" data-end=\"1826\">jugar en equipo<\/strong><\/p><\/li><\/ul><p data-start=\"1830\" data-end=\"1981\">Todo se aprende de manera natural a trav\u00e9s del juego.<br data-start=\"1883\" data-end=\"1886\" \/>En Uroloki creemos que el hockey se entiende mejor cuando los ni\u00f1os se divierten practic\u00e1ndolo.<\/p><hr data-start=\"1983\" data-end=\"1986\" \/><h2 data-start=\"1988\" data-end=\"2029\"><strong data-start=\"1991\" data-end=\"2029\">Entrenamiento Divertido y Adaptado<\/strong><\/h2><p data-start=\"2031\" data-end=\"2086\">Nuestras sesiones est\u00e1n pensadas para que cada jugador:<\/p><ul data-start=\"2088\" data-end=\"2294\"><li data-start=\"2088\" data-end=\"2118\"><p data-start=\"2090\" data-end=\"2118\">Progrese a su propio ritmo<\/p><\/li><li data-start=\"2119\" data-end=\"2152\"><p data-start=\"2121\" data-end=\"2152\">Se sienta seguro con el stick<\/p><\/li><li data-start=\"2153\" data-end=\"2191\"><p data-start=\"2155\" data-end=\"2191\">Mejore poco a poco sus habilidades<\/p><\/li><li data-start=\"2192\" data-end=\"2226\"><p data-start=\"2194\" data-end=\"2226\">Socialice y haga nuevos amigos<\/p><\/li><li data-start=\"2227\" data-end=\"2294\"><p data-start=\"2229\" data-end=\"2294\">Est\u00e9 siempre acompa\u00f1ado por entrenadores cercanos y motivadores<\/p><\/li><\/ul><p data-start=\"2296\" data-end=\"2419\">Trabajamos en grupos por edades y niveles, asegurando que cada participante se sienta c\u00f3modo y pueda avanzar sin presiones.<\/p><hr data-start=\"2421\" data-end=\"2424\" \/><h2 data-start=\"2426\" data-end=\"2455\"><strong data-start=\"2429\" data-end=\"2455\">Valores que Fomentamos<\/strong><\/h2><p data-start=\"2457\" data-end=\"2532\">El hockey l\u00ednea es mucho m\u00e1s que velocidad y t\u00e9cnica. En Uroloki ense\u00f1amos:<\/p><ul data-start=\"2534\" data-end=\"2662\"><li data-start=\"2534\" data-end=\"2554\"><p data-start=\"2536\" data-end=\"2554\"><strong data-start=\"2536\" data-end=\"2552\">Compa\u00f1erismo<\/strong><\/p><\/li><li data-start=\"2555\" data-end=\"2570\"><p data-start=\"2557\" data-end=\"2570\"><strong data-start=\"2557\" data-end=\"2568\">Respeto<\/strong><\/p><\/li><li data-start=\"2571\" data-end=\"2587\"><p data-start=\"2573\" data-end=\"2587\"><strong data-start=\"2573\" data-end=\"2585\">Esfuerzo<\/strong><\/p><\/li><li data-start=\"2588\" data-end=\"2608\"><p data-start=\"2590\" data-end=\"2608\"><strong data-start=\"2590\" data-end=\"2606\">Juego limpio<\/strong><\/p><\/li><li data-start=\"2609\" data-end=\"2636\"><p data-start=\"2611\" data-end=\"2636\"><strong data-start=\"2611\" data-end=\"2634\">Superaci\u00f3n personal<\/strong><\/p><\/li><li data-start=\"2637\" data-end=\"2662\"><p data-start=\"2639\" data-end=\"2662\"><strong data-start=\"2639\" data-end=\"2662\">Diversi\u00f3n en equipo<\/strong><\/p><\/li><\/ul><p data-start=\"2664\" data-end=\"2786\">Estos valores son la base de nuestro club y acompa\u00f1an a los jugadores desde la iniciaci\u00f3n hasta los niveles m\u00e1s avanzados.<\/p><hr data-start=\"2788\" data-end=\"2791\" \/><h2 data-start=\"2793\" data-end=\"2838\"><strong data-start=\"2796\" data-end=\"2838\">Un Camino Natural hacia la Competici\u00f3n<\/strong><\/h2><p data-start=\"2840\" data-end=\"3146\">Para quienes quieran seguir creciendo, la iniciaci\u00f3n es la puerta de entrada hacia categor\u00edas intermedias y, m\u00e1s adelante, los <strong data-start=\"2967\" data-end=\"2988\">equipos federados<\/strong> de Uroloki.<br data-start=\"3000\" data-end=\"3003\" \/>Aqu\u00ed no importa la velocidad con la que avancen: cada ni\u00f1o y ni\u00f1a tiene su propio proceso, y nosotros lo respetamos y acompa\u00f1amos en cada paso.<\/p><hr data-start=\"3148\" data-end=\"3151\" \/><p data-start=\"3153\" data-end=\"3355\">Si buscas un lugar donde tus hijos puedan <strong data-start=\"3195\" data-end=\"3238\">empezar en el hockey l\u00ednea en Barcelona<\/strong>, aprender desde cero y vivir un ambiente cercano, familiar y motivador\u2026<br data-start=\"3310\" data-end=\"3313\" \/><strong data-start=\"3313\" data-end=\"3350\">Uroloki es tu hogar sobre ruedas.<\/strong> \ud83d\udc09\ud83d\udd25<\/p>\t\t\t\t\t\t\t\t<\/div>\n\t\t\t\t<\/div>\n\t\t\t\t\t<\/div>\n\t\t\t\t<\/div>\n\t\t\t\t<\/div>","protected":false},"excerpt":{"rendered":"<p>Aprende a patinar y a jugar al hockey l\u00ednea en Barcelona. En Uroloki ofrecemos iniciaci\u00f3n, niveles adaptados y un entorno seguro y divertido para ni\u00f1os y ni\u00f1as.<\/p>","protected":false},"author":1,"featured_media":985,"parent":0,"menu_order":0,"comment_status":"closed","ping_status":"closed","template":"","meta":{"footnotes":""},"class_list":["post-1053","page","type-page","status-publish","has-post-thumbnail","hentry"],"yoast_head":"<!-- This site is optimized with the Yoast SEO Premium plugin v27.1 (Yoast SEO v27.2) - https:\/\/yoast.com\/product\/yoast-seo-premium-wordpress\/ -->\n<title>Iniciaci\u00f3n al Hockey L\u00ednea - Uroloki Hockey L\u00ednea<\/title>\n<meta name=\"robots\" content=\"index, follow, max-snippet:-1, max-image-preview:large, max-video-preview:-1\" \/>\n<link rel=\"canonical\" href=\"https:\/\/www.urolokihl.com\/ca\/iniciacion-al-hockey-linea\/\" \/>\n<meta property=\"og:locale\" content=\"ca_ES\" \/>\n<meta property=\"og:type\" content=\"article\" \/>\n<meta property=\"og:title\" content=\"Iniciaci\u00f3n al Hockey L\u00ednea\" \/>\n<meta property=\"og:description\" content=\"Aprende a patinar y a jugar al hockey l\u00ednea en Barcelona. En Uroloki ofrecemos iniciaci\u00f3n, niveles adaptados y un entorno seguro y divertido para ni\u00f1os y ni\u00f1as.\" \/>\n<meta property=\"og:url\" content=\"https:\/\/www.urolokihl.com\/ca\/iniciacion-al-hockey-linea\/\" \/>\n<meta property=\"og:site_name\" content=\"Uroloki Hockey L\u00ednea\" \/>\n<meta property=\"article:modified_time\" content=\"2025-11-14T16:41:06+00:00\" \/>\n<meta property=\"og:image\" content=\"https:\/\/www.urolokihl.com\/wp-content\/uploads\/2025\/11\/IMG_9890-scaled.jpg\" \/>\n\t<meta property=\"og:image:width\" content=\"2560\" \/>\n\t<meta property=\"og:image:height\" content=\"1707\" \/>\n\t<meta property=\"og:image:type\" content=\"image\/jpeg\" \/>\n<meta name=\"twitter:card\" content=\"summary_large_image\" \/>\n<meta name=\"twitter:label1\" content=\"Temps estimat de lectura\" \/>\n\t<meta name=\"twitter:data1\" content=\"3 minuts\" \/>\n<script type=\"application\/ld+json\" class=\"yoast-schema-graph\">{\"@context\":\"https:\/\/schema.org\",\"@graph\":[{\"@type\":\"WebPage\",\"@id\":\"https:\/\/www.urolokihl.com\/iniciacion-al-hockey-linea\/\",\"url\":\"https:\/\/www.urolokihl.com\/iniciacion-al-hockey-linea\/\",\"name\":\"Iniciaci\u00f3n al Hockey L\u00ednea - Uroloki Hockey L\u00ednea\",\"isPartOf\":{\"@id\":\"https:\/\/www.urolokihl.com\/#website\"},\"primaryImageOfPage\":{\"@id\":\"https:\/\/www.urolokihl.com\/iniciacion-al-hockey-linea\/#primaryimage\"},\"image\":{\"@id\":\"https:\/\/www.urolokihl.com\/iniciacion-al-hockey-linea\/#primaryimage\"},\"thumbnailUrl\":\"https:\/\/www.urolokihl.com\/wp-content\/uploads\/2025\/11\/IMG_9890-scaled.jpg\",\"datePublished\":\"2025-11-14T16:39:41+00:00\",\"dateModified\":\"2025-11-14T16:41:06+00:00\",\"breadcrumb\":{\"@id\":\"https:\/\/www.urolokihl.com\/iniciacion-al-hockey-linea\/#breadcrumb\"},\"inLanguage\":\"ca\",\"potentialAction\":[{\"@type\":\"ReadAction\",\"target\":[\"https:\/\/www.urolokihl.com\/iniciacion-al-hockey-linea\/\"]}]},{\"@type\":\"ImageObject\",\"inLanguage\":\"ca\",\"@id\":\"https:\/\/www.urolokihl.com\/iniciacion-al-hockey-linea\/#primaryimage\",\"url\":\"https:\/\/www.urolokihl.com\/wp-content\/uploads\/2025\/11\/IMG_9890-scaled.jpg\",\"contentUrl\":\"https:\/\/www.urolokihl.com\/wp-content\/uploads\/2025\/11\/IMG_9890-scaled.jpg\",\"width\":2560,\"height\":1707,\"caption\":\"Comprom\u00eds, esfor\u00e7 i somriures. Aix\u00ed es construeix un equip.\"},{\"@type\":\"BreadcrumbList\",\"@id\":\"https:\/\/www.urolokihl.com\/iniciacion-al-hockey-linea\/#breadcrumb\",\"itemListElement\":[{\"@type\":\"ListItem\",\"position\":1,\"name\":\"Home\",\"item\":\"https:\/\/www.urolokihl.com\/\"},{\"@type\":\"ListItem\",\"position\":2,\"name\":\"Iniciaci\u00f3n al Hockey L\u00ednea\"}]},{\"@type\":\"WebSite\",\"@id\":\"https:\/\/www.urolokihl.com\/#website\",\"url\":\"https:\/\/www.urolokihl.com\/\",\"name\":\"Barcelona Uroloki Hockey L\u00ednea\",\"description\":\"Club de hockey l\u00ednea en Barcelona. Aprende, compite y divi\u00e9rtete en Uroloki.\",\"publisher\":{\"@id\":\"https:\/\/www.urolokihl.com\/#organization\"},\"alternateName\":\"Barcelona Clot Uroloki HL\",\"potentialAction\":[{\"@type\":\"SearchAction\",\"target\":{\"@type\":\"EntryPoint\",\"urlTemplate\":\"https:\/\/www.urolokihl.com\/?s={search_term_string}\"},\"query-input\":{\"@type\":\"PropertyValueSpecification\",\"valueRequired\":true,\"valueName\":\"search_term_string\"}}],\"inLanguage\":\"ca\"},{\"@type\":[\"Organization\",\"Place\",\"SportsClub\"],\"@id\":\"https:\/\/www.urolokihl.com\/#organization\",\"name\":\"Barcelona Uroloki Hockey L\u00ednea\",\"alternateName\":\"Barcelona Clot Uroloki\",\"url\":\"https:\/\/www.urolokihl.com\/\",\"logo\":{\"@id\":\"https:\/\/www.urolokihl.com\/iniciacion-al-hockey-linea\/#local-main-organization-logo\"},\"image\":{\"@id\":\"https:\/\/www.urolokihl.com\/iniciacion-al-hockey-linea\/#local-main-organization-logo\"},\"sameAs\":[\"https:\/\/www.instagram.com\/uroloki_hl\/\"],\"description\":\"Club de hockey l\u00ednea en Barcelona. Aprende, compite y divi\u00e9rtete en Uroloki, un espacio donde grandes y peque\u00f1os viven la pasi\u00f3n por el hockey l\u00ednea en el barrio del Clot de Barcelona.\",\"legalName\":\"Uroloki Hockey L\u00ednea\",\"address\":{\"@id\":\"https:\/\/www.urolokihl.com\/iniciacion-al-hockey-linea\/#local-main-place-address\"},\"telephone\":[],\"contactPoint\":{\"@type\":\"ContactPoint\",\"telephone\":\"+34 648 03 44 72\"},\"openingHoursSpecification\":[{\"@type\":\"OpeningHoursSpecification\",\"dayOfWeek\":[\"Monday\",\"Tuesday\",\"Wednesday\",\"Thursday\",\"Friday\",\"Saturday\",\"Sunday\"],\"opens\":\"09:00\",\"closes\":\"17:00\"}],\"email\":\"Urolokihockeylinea@gmail.com\",\"globalLocationNumber\":\"C56W+J4 Barcelona\"},{\"@type\":\"PostalAddress\",\"@id\":\"https:\/\/www.urolokihl.com\/iniciacion-al-hockey-linea\/#local-main-place-address\",\"streetAddress\":\"Carrer d'Andrade, 40\",\"addressLocality\":\"Barcelona\",\"postalCode\":\"08018\",\"addressRegion\":\"Barcelona\",\"addressCountry\":\"ES\"},{\"@type\":\"ImageObject\",\"inLanguage\":\"ca\",\"@id\":\"https:\/\/www.urolokihl.com\/iniciacion-al-hockey-linea\/#local-main-organization-logo\",\"url\":\"\",\"contentUrl\":\"\",\"caption\":\"Barcelona Uroloki Hockey L\u00ednea\"}]}<\/script>\n<meta name=\"geo.placename\" content=\"Barcelona\" \/>\n<meta name=\"geo.region\" content=\"Espanya\" \/>\n<!-- \/ Yoast SEO Premium plugin. -->","yoast_head_json":{"title":"Iniciaci\u00f3n al Hockey L\u00ednea - Uroloki Hockey L\u00ednea","robots":{"index":"index","follow":"follow","max-snippet":"max-snippet:-1","max-image-preview":"max-image-preview:large","max-video-preview":"max-video-preview:-1"},"canonical":"https:\/\/www.urolokihl.com\/ca\/iniciacion-al-hockey-linea\/","og_locale":"ca_ES","og_type":"article","og_title":"Iniciaci\u00f3n al Hockey L\u00ednea","og_description":"Aprende a patinar y a jugar al hockey l\u00ednea en Barcelona. En Uroloki ofrecemos iniciaci\u00f3n, niveles adaptados y un entorno seguro y divertido para ni\u00f1os y ni\u00f1as.","og_url":"https:\/\/www.urolokihl.com\/ca\/iniciacion-al-hockey-linea\/","og_site_name":"Uroloki Hockey L\u00ednea","article_modified_time":"2025-11-14T16:41:06+00:00","og_image":[{"width":2560,"height":1707,"url":"https:\/\/www.urolokihl.com\/wp-content\/uploads\/2025\/11\/IMG_9890-scaled.jpg","type":"image\/jpeg"}],"twitter_card":"summary_large_image","twitter_misc":{"Temps estimat de lectura":"3 minuts"},"schema":{"@context":"https:\/\/schema.org","@graph":[{"@type":"WebPage","@id":"https:\/\/www.urolokihl.com\/iniciacion-al-hockey-linea\/","url":"https:\/\/www.urolokihl.com\/iniciacion-al-hockey-linea\/","name":"Iniciaci\u00f3n al Hockey L\u00ednea - Uroloki Hockey L\u00ednea","isPartOf":{"@id":"https:\/\/www.urolokihl.com\/#website"},"primaryImageOfPage":{"@id":"https:\/\/www.urolokihl.com\/iniciacion-al-hockey-linea\/#primaryimage"},"image":{"@id":"https:\/\/www.urolokihl.com\/iniciacion-al-hockey-linea\/#primaryimage"},"thumbnailUrl":"https:\/\/www.urolokihl.com\/wp-content\/uploads\/2025\/11\/IMG_9890-scaled.jpg","datePublished":"2025-11-14T16:39:41+00:00","dateModified":"2025-11-14T16:41:06+00:00","breadcrumb":{"@id":"https:\/\/www.urolokihl.com\/iniciacion-al-hockey-linea\/#breadcrumb"},"inLanguage":"ca","potentialAction":[{"@type":"ReadAction","target":["https:\/\/www.urolokihl.com\/iniciacion-al-hockey-linea\/"]}]},{"@type":"ImageObject","inLanguage":"ca","@id":"https:\/\/www.urolokihl.com\/iniciacion-al-hockey-linea\/#primaryimage","url":"https:\/\/www.urolokihl.com\/wp-content\/uploads\/2025\/11\/IMG_9890-scaled.jpg","contentUrl":"https:\/\/www.urolokihl.com\/wp-content\/uploads\/2025\/11\/IMG_9890-scaled.jpg","width":2560,"height":1707,"caption":"Comprom\u00eds, esfor\u00e7 i somriures. Aix\u00ed es construeix un equip."},{"@type":"BreadcrumbList","@id":"https:\/\/www.urolokihl.com\/iniciacion-al-hockey-linea\/#breadcrumb","itemListElement":[{"@type":"ListItem","position":1,"name":"Home","item":"https:\/\/www.urolokihl.com\/"},{"@type":"ListItem","position":2,"name":"Iniciaci\u00f3n al Hockey L\u00ednea"}]},{"@type":"WebSite","@id":"https:\/\/www.urolokihl.com\/#website","url":"https:\/\/www.urolokihl.com\/","name":"Barcelona Uroloki Hockey L\u00ednea","description":"Club de hockey l\u00ednea en Barcelona. Aprende, compite y divi\u00e9rtete en Uroloki.","publisher":{"@id":"https:\/\/www.urolokihl.com\/#organization"},"alternateName":"Barcelona Clot Uroloki HL","potentialAction":[{"@type":"SearchAction","target":{"@type":"EntryPoint","urlTemplate":"https:\/\/www.urolokihl.com\/?s={search_term_string}"},"query-input":{"@type":"PropertyValueSpecification","valueRequired":true,"valueName":"search_term_string"}}],"inLanguage":"ca"},{"@type":["Organization","Place","SportsClub"],"@id":"https:\/\/www.urolokihl.com\/#organization","name":"Barcelona Uroloki Hockey L\u00ednea","alternateName":"Barcelona Clot Uroloki","url":"https:\/\/www.urolokihl.com\/","logo":{"@id":"https:\/\/www.urolokihl.com\/iniciacion-al-hockey-linea\/#local-main-organization-logo"},"image":{"@id":"https:\/\/www.urolokihl.com\/iniciacion-al-hockey-linea\/#local-main-organization-logo"},"sameAs":["https:\/\/www.instagram.com\/uroloki_hl\/"],"description":"Club de hockey l\u00ednea en Barcelona. Aprende, compite y divi\u00e9rtete en Uroloki, un espacio donde grandes y peque\u00f1os viven la pasi\u00f3n por el hockey l\u00ednea en el barrio del Clot de Barcelona.","legalName":"Uroloki Hockey L\u00ednea","address":{"@id":"https:\/\/www.urolokihl.com\/iniciacion-al-hockey-linea\/#local-main-place-address"},"telephone":[],"contactPoint":{"@type":"ContactPoint","telephone":"+34 648 03 44 72"},"openingHoursSpecification":[{"@type":"OpeningHoursSpecification","dayOfWeek":["Monday","Tuesday","Wednesday","Thursday","Friday","Saturday","Sunday"],"opens":"09:00","closes":"17:00"}],"email":"Urolokihockeylinea@gmail.com","globalLocationNumber":"C56W+J4 Barcelona"},{"@type":"PostalAddress","@id":"https:\/\/www.urolokihl.com\/iniciacion-al-hockey-linea\/#local-main-place-address","streetAddress":"Carrer d'Andrade, 40","addressLocality":"Barcelona","postalCode":"08018","addressRegion":"Barcelona","addressCountry":"ES"},{"@type":"ImageObject","inLanguage":"ca","@id":"https:\/\/www.urolokihl.com\/iniciacion-al-hockey-linea\/#local-main-organization-logo","url":"","contentUrl":"","caption":"Barcelona Uroloki Hockey L\u00ednea"}]},"geo.placename":"Barcelona","geo.region":"Espanya"},"_links":{"self":[{"href":"https:\/\/www.urolokihl.com\/ca\/wp-json\/wp\/v2\/pages\/1053","targetHints":{"allow":["GET"]}}],"collection":[{"href":"https:\/\/www.urolokihl.com\/ca\/wp-json\/wp\/v2\/pages"}],"about":[{"href":"https:\/\/www.urolokihl.com\/ca\/wp-json\/wp\/v2\/types\/page"}],"author":[{"embeddable":true,"href":"https:\/\/www.urolokihl.com\/ca\/wp-json\/wp\/v2\/users\/1"}],"replies":[{"embeddable":true,"href":"https:\/\/www.urolokihl.com\/ca\/wp-json\/wp\/v2\/comments?post=1053"}],"version-history":[{"count":4,"href":"https:\/\/www.urolokihl.com\/ca\/wp-json\/wp\/v2\/pages\/1053\/revisions"}],"predecessor-version":[{"id":1057,"href":"https:\/\/www.urolokihl.com\/ca\/wp-json\/wp\/v2\/pages\/1053\/revisions\/1057"}],"wp:featuredmedia":[{"embeddable":true,"href":"https:\/\/www.urolokihl.com\/ca\/wp-json\/wp\/v2\/media\/985"}],"wp:attachment":[{"href":"https:\/\/www.urolokihl.com\/ca\/wp-json\/wp\/v2\/media?parent=1053"}],"curies":[{"name":"wp","href":"https:\/\/api.w.org\/{rel}","templated":true}]}}