{"id":106,"date":"2025-10-28T12:46:23","date_gmt":"2025-10-28T12:46:23","guid":{"rendered":"http:\/\/www.urolokihl.com\/?page_id=106"},"modified":"2025-11-26T15:19:21","modified_gmt":"2025-11-26T15:19:21","slug":"siguenos-en-instagram","status":"publish","type":"page","link":"https:\/\/www.urolokihl.com\/ca\/siguenos-en-instagram\/","title":{"rendered":"Blog"},"content":{"rendered":"<div data-elementor-type=\"wp-page\" data-elementor-id=\"106\" class=\"elementor elementor-106\" data-elementor-post-type=\"page\">\n\t\t\t\t<div class=\"elementor-element elementor-element-b62ed5f e-con-full e-flex e-con e-parent\" data-id=\"b62ed5f\" data-element_type=\"container\" data-e-type=\"container\">\n\t\t<div class=\"elementor-element elementor-element-12ba02b e-con-full e-flex e-con e-child\" data-id=\"12ba02b\" data-element_type=\"container\" data-e-type=\"container\">\n\t\t<div class=\"elementor-element elementor-element-d1e5654 e-con-full e-flex e-con e-child\" data-id=\"d1e5654\" data-element_type=\"container\" data-e-type=\"container\">\n\t\t\t\t<div class=\"elementor-element elementor-element-0fef7f9 elementor-widget__width-initial elementor-headline--style-highlight elementor-widget elementor-widget-animated-headline\" data-id=\"0fef7f9\" data-element_type=\"widget\" data-e-type=\"widget\" data-settings=\"{&quot;marker&quot;:&quot;double&quot;,&quot;highlighted_text&quot;:&quot;Uroloki&quot;,&quot;headline_style&quot;:&quot;highlight&quot;,&quot;highlight_animation_duration&quot;:1200}\" data-widget_type=\"animated-headline.default\">\n\t\t\t\t\t\t\t<h3 class=\"elementor-headline\">\n\t\t\t\t\t<span class=\"elementor-headline-plain-text elementor-headline-text-wrapper\">Blog<\/span>\n\t\t\t\t<span class=\"elementor-headline-dynamic-wrapper elementor-headline-text-wrapper\">\n\t\t\t\t\t<span class=\"elementor-headline-dynamic-text elementor-headline-text-active\">Uroloki<\/span>\n\t\t\t\t<\/span>\n\t\t\t\t\t<span class=\"elementor-headline-plain-text elementor-headline-text-wrapper\">Hockey L\u00ednea<\/span>\n\t\t\t\t\t<\/h3>\n\t\t\t\t\t\t<\/div>\n\t\t\t\t<\/div>\n\t\t\t\t<\/div>\n\t\t\t\t<\/div>\n\t\t<div class=\"elementor-element elementor-element-dd5b8b0 e-con-full e-flex e-con e-parent\" data-id=\"dd5b8b0\" data-element_type=\"container\" data-e-type=\"container\">\n\t\t\t\t<div class=\"elementor-element elementor-element-ccc46da elementor-widget__width-initial elementor-grid-eael-col-4 elementor-grid-tablet-eael-col-2 elementor-grid-mobile-eael-col-1 elementor-widget elementor-widget-eael-post-grid\" data-id=\"ccc46da\" data-element_type=\"widget\" data-e-type=\"widget\" data-settings=\"{&quot;eael_post_grid_columns&quot;:&quot;eael-col-4&quot;,&quot;eael_post_grid_columns_tablet&quot;:&quot;eael-col-2&quot;,&quot;eael_post_grid_columns_mobile&quot;:&quot;eael-col-1&quot;}\" data-widget_type=\"eael-post-grid.default\">\n\t\t\t\t\t<div id=\"eael-post-grid-ccc46da\" class=\"eael-post-grid-container\">\n            <div class=\"eael-post-grid eael-post-appender eael-post-appender-ccc46da eael-post-grid-style-one\" data-layout-mode=\"grid\"><article class=\"eael-grid-post  eael-post-grid-column eael-pg-post-1223 category-senior\" data-id=\"1223\">\n        <div class=\"eael-grid-post-holder\">\n            <div class=\"eael-grid-post-holder-inner\"><div class=\"eael-entry-media\"><div class=\"eael-entry-overlay fade-in\"><i class=\"fas fa-long-arrow-alt-right\" aria-hidden=\"true\"><\/i><a href=\"https:\/\/www.urolokihl.com\/ca\/uroloki-hockey-linea-barcelona-celebra-una-jornada-llena-de-energia-victorias-y-espiritu-de-equipo\/\"><\/a><\/div><div class=\"eael-entry-thumbnail eael-image-ratio\">\n                <img fetchpriority=\"high\" decoding=\"async\" width=\"300\" height=\"225\" src=\"https:\/\/www.urolokihl.com\/wp-content\/uploads\/2025\/11\/WhatsApp-Image-2025-11-08-at-21.15.07_1e78ec35-300x225.jpg\" class=\"attachment-medium size-medium wp-image-541\" alt=\"\" srcset=\"https:\/\/www.urolokihl.com\/wp-content\/uploads\/2025\/11\/WhatsApp-Image-2025-11-08-at-21.15.07_1e78ec35-300x225.jpg 300w, https:\/\/www.urolokihl.com\/wp-content\/uploads\/2025\/11\/WhatsApp-Image-2025-11-08-at-21.15.07_1e78ec35-1024x768.jpg 1024w, https:\/\/www.urolokihl.com\/wp-content\/uploads\/2025\/11\/WhatsApp-Image-2025-11-08-at-21.15.07_1e78ec35-768x576.jpg 768w, https:\/\/www.urolokihl.com\/wp-content\/uploads\/2025\/11\/WhatsApp-Image-2025-11-08-at-21.15.07_1e78ec35-1536x1152.jpg 1536w, https:\/\/www.urolokihl.com\/wp-content\/uploads\/2025\/11\/WhatsApp-Image-2025-11-08-at-21.15.07_1e78ec35-2048x1536.jpg 2048w, https:\/\/www.urolokihl.com\/wp-content\/uploads\/2025\/11\/WhatsApp-Image-2025-11-08-at-21.15.07_1e78ec35-16x12.jpg 16w\" sizes=\"(max-width: 300px) 100vw, 300px\" \/>\n            <\/div>\n        <\/div><div class=\"eael-entry-wrapper\"><header class=\"eael-entry-header\"><h2 class=\"eael-entry-title\"><a class=\"eael-grid-post-link\" href=\"https:\/\/www.urolokihl.com\/ca\/uroloki-hockey-linea-barcelona-celebra-una-jornada-llena-de-energia-victorias-y-espiritu-de-equipo\/\" title=\"Uroloki Hockey L\u00ednea Barcelona celebra una jornada llena de energ\u00eda, victorias y esp\u00edritu de equipo\">Uroloki Hockey L\u00ednea Barcelona celebra una jornada llena de energ\u00eda, victorias y esp\u00edritu de equipo<\/a><\/h2><\/header><div class=\"eael-entry-content\">\n                        <div class=\"eael-grid-post-excerpt\"><p>Una tarde redonda de hockey l\u00ednea en Barcelona con los Uroloki Este domingo vivimos una jornada inolvidable en el Club Uroloki Hockey L\u00ednea \ud83d\udc9a\ud83d\udd25.<\/p><a href=\"https:\/\/www.urolokihl.com\/ca\/uroloki-hockey-linea-barcelona-celebra-una-jornada-llena-de-energia-victorias-y-espiritu-de-equipo\/\" class=\"eael-post-elements-readmore-btn\">Leer m\u00e1s...<\/a><\/div>\n                    <\/div><div class=\"eael-entry-footer\"><div class=\"eael-entry-meta\"><span class=\"eael-posted-by\"><a href=\"https:\/\/www.urolokihl.com\/ca\/author\/admin\/\" title=\"Posts by admin\" rel=\"author\">admin<\/a><\/span><span class=\"eael-posted-on\"><time datetime=\"novembre 20, 2025\">novembre 20, 2025<\/time><\/span><\/div><\/div><\/div><\/div>\n        <\/div>\n    <\/article><\/div>\n            <div class=\"clearfix\"><\/div>\n        <\/div>\t\t\t\t<\/div>\n\t\t\t\t<\/div>\n\t\t<div class=\"elementor-element elementor-element-52a8004 e-flex e-con-boxed e-con e-parent\" data-id=\"52a8004\" data-element_type=\"container\" data-e-type=\"container\">\n\t\t\t\t\t<div class=\"e-con-inner\">\n\t\t\t\t<div class=\"elementor-element elementor-element-0e6306c elementor-widget__width-initial elementor-headline--style-highlight elementor-widget elementor-widget-animated-headline\" data-id=\"0e6306c\" data-element_type=\"widget\" data-e-type=\"widget\" data-settings=\"{&quot;marker&quot;:&quot;curly&quot;,&quot;highlighted_text&quot;:&quot;Instagram&quot;,&quot;headline_style&quot;:&quot;highlight&quot;,&quot;highlight_animation_duration&quot;:1200}\" data-widget_type=\"animated-headline.default\">\n\t\t\t\t\t\t\t<h3 class=\"elementor-headline\">\n\t\t\t\t\t<span class=\"elementor-headline-plain-text elementor-headline-text-wrapper\">Encuentra m\u00e1s historias de Uroloki Hockey L\u00ednea en <\/span>\n\t\t\t\t<span class=\"elementor-headline-dynamic-wrapper elementor-headline-text-wrapper\">\n\t\t\t\t\t<span class=\"elementor-headline-dynamic-text elementor-headline-text-active\">Instagram<\/span>\n\t\t\t\t<\/span>\n\t\t\t\t<\/h3>\n\t\t\t\t\t\t<\/div>\n\t\t\t\t\t<\/div>\n\t\t\t\t<\/div>\n\t\t<div class=\"elementor-element elementor-element-b2b7283 e-con-full e-flex e-con e-parent\" data-id=\"b2b7283\" data-element_type=\"container\" data-e-type=\"container\">\n\t\t\t\t<div class=\"elementor-element elementor-element-e669514 fade-wrap e-transform elementor-invisible elementor-widget elementor-widget-image\" data-id=\"e669514\" data-element_type=\"widget\" data-e-type=\"widget\" data-settings=\"{&quot;_animation&quot;:&quot;slideInUp&quot;,&quot;_transform_scale_effect&quot;:{&quot;unit&quot;:&quot;px&quot;,&quot;size&quot;:&quot;&quot;,&quot;sizes&quot;:[]},&quot;_transform_scale_effect_tablet&quot;:{&quot;unit&quot;:&quot;px&quot;,&quot;size&quot;:&quot;&quot;,&quot;sizes&quot;:[]},&quot;_transform_scale_effect_mobile&quot;:{&quot;unit&quot;:&quot;px&quot;,&quot;size&quot;:&quot;&quot;,&quot;sizes&quot;:[]}}\" data-widget_type=\"image.default\">\n\t\t\t\t\t\t\t\t\t\t\t\t\t\t\t\t<a href=\"https:\/\/www.instagram.com\/uroloki_hl\/\">\n\t\t\t\t\t\t\t<img decoding=\"async\" width=\"261\" height=\"300\" src=\"https:\/\/www.urolokihl.com\/wp-content\/uploads\/2025\/10\/uroloki_hl_qr-1-261x300.png\" class=\"attachment-medium size-medium wp-image-99\" alt=\"\" srcset=\"https:\/\/www.urolokihl.com\/wp-content\/uploads\/2025\/10\/uroloki_hl_qr-1-261x300.png 261w, https:\/\/www.urolokihl.com\/wp-content\/uploads\/2025\/10\/uroloki_hl_qr-1-891x1024.png 891w, https:\/\/www.urolokihl.com\/wp-content\/uploads\/2025\/10\/uroloki_hl_qr-1-768x882.png 768w, https:\/\/www.urolokihl.com\/wp-content\/uploads\/2025\/10\/uroloki_hl_qr-1-1337x1536.png 1337w, https:\/\/www.urolokihl.com\/wp-content\/uploads\/2025\/10\/uroloki_hl_qr-1-1783x2048.png 1783w\" sizes=\"(max-width: 261px) 100vw, 261px\" \/>\t\t\t\t\t\t\t\t<\/a>\n\t\t\t\t\t\t\t\t\t\t\t\t\t\t\t<\/div>\n\t\t\t\t<\/div>\n\t\t\t\t<\/div>","protected":false},"excerpt":{"rendered":"<p>Blog Uroloki Hockey L\u00ednea Uroloki Hockey L\u00ednea Barcelona celebra una jornada llena de energ\u00eda, victorias y esp\u00edritu de equipo Una tarde redonda de hockey l\u00ednea en Barcelona con los Uroloki Este domingo vivimos una jornada inolvidable en el Club Uroloki Hockey L\u00ednea \ud83d\udc9a\ud83d\udd25. Leer m\u00e1s&#8230; adminNovember 20, 2025 Encuentra m\u00e1s historias de Uroloki Hockey L\u00ednea [&hellip;]<\/p>\n","protected":false},"author":1,"featured_media":0,"parent":0,"menu_order":0,"comment_status":"closed","ping_status":"open","template":"","meta":{"footnotes":""},"class_list":["post-106","page","type-page","status-publish","hentry"],"yoast_head":"<!-- This site is optimized with the Yoast SEO Premium plugin v27.1 (Yoast SEO v27.2) - https:\/\/yoast.com\/product\/yoast-seo-premium-wordpress\/ -->\n<title>Blog - Uroloki Hockey L\u00ednea<\/title>\n<meta name=\"robots\" content=\"index, follow, max-snippet:-1, max-image-preview:large, max-video-preview:-1\" \/>\n<link rel=\"canonical\" href=\"https:\/\/www.urolokihl.com\/ca\/siguenos-en-instagram\/\" \/>\n<meta property=\"og:locale\" content=\"ca_ES\" \/>\n<meta property=\"og:type\" content=\"article\" \/>\n<meta property=\"og:title\" content=\"Blog\" \/>\n<meta property=\"og:description\" content=\"Blog Uroloki Hockey L\u00ednea Uroloki Hockey L\u00ednea Barcelona celebra una jornada llena de energ\u00eda, victorias y esp\u00edritu de equipo Una tarde redonda de hockey l\u00ednea en Barcelona con los Uroloki Este domingo vivimos una jornada inolvidable en el Club Uroloki Hockey L\u00ednea \ud83d\udc9a\ud83d\udd25. Leer m\u00e1s&#8230; adminNovember 20, 2025 Encuentra m\u00e1s historias de Uroloki Hockey L\u00ednea [&hellip;]\" \/>\n<meta property=\"og:url\" content=\"https:\/\/www.urolokihl.com\/ca\/siguenos-en-instagram\/\" \/>\n<meta property=\"og:site_name\" content=\"Uroloki Hockey L\u00ednea\" \/>\n<meta property=\"article:modified_time\" content=\"2025-11-26T15:19:21+00:00\" \/>\n<meta property=\"og:image\" content=\"https:\/\/www.urolokihl.com\/wp-content\/uploads\/2025\/11\/WhatsApp-Image-2025-11-08-at-21.15.07_1e78ec35-scaled.jpg\" \/>\n\t<meta property=\"og:image:width\" content=\"2560\" \/>\n\t<meta property=\"og:image:height\" content=\"1920\" \/>\n\t<meta property=\"og:image:type\" content=\"image\/jpeg\" \/>\n<meta name=\"twitter:card\" content=\"summary_large_image\" \/>\n<meta name=\"twitter:label1\" content=\"Temps estimat de lectura\" \/>\n\t<meta name=\"twitter:data1\" content=\"1 minut\" \/>\n<script type=\"application\/ld+json\" class=\"yoast-schema-graph\">{\"@context\":\"https:\/\/schema.org\",\"@graph\":[{\"@type\":\"WebPage\",\"@id\":\"https:\/\/www.urolokihl.com\/siguenos-en-instagram\/\",\"url\":\"https:\/\/www.urolokihl.com\/siguenos-en-instagram\/\",\"name\":\"Blog - Uroloki Hockey L\u00ednea\",\"isPartOf\":{\"@id\":\"https:\/\/www.urolokihl.com\/#website\"},\"primaryImageOfPage\":{\"@id\":\"https:\/\/www.urolokihl.com\/siguenos-en-instagram\/#primaryimage\"},\"image\":{\"@id\":\"https:\/\/www.urolokihl.com\/siguenos-en-instagram\/#primaryimage\"},\"thumbnailUrl\":\"https:\/\/www.urolokihl.com\/wp-content\/uploads\/2025\/11\/WhatsApp-Image-2025-11-08-at-21.15.07_1e78ec35-300x225.jpg\",\"datePublished\":\"2025-10-28T12:46:23+00:00\",\"dateModified\":\"2025-11-26T15:19:21+00:00\",\"breadcrumb\":{\"@id\":\"https:\/\/www.urolokihl.com\/siguenos-en-instagram\/#breadcrumb\"},\"inLanguage\":\"ca\",\"potentialAction\":[{\"@type\":\"ReadAction\",\"target\":[\"https:\/\/www.urolokihl.com\/siguenos-en-instagram\/\"]}]},{\"@type\":\"ImageObject\",\"inLanguage\":\"ca\",\"@id\":\"https:\/\/www.urolokihl.com\/siguenos-en-instagram\/#primaryimage\",\"url\":\"https:\/\/www.urolokihl.com\/wp-content\/uploads\/2025\/11\/WhatsApp-Image-2025-11-08-at-21.15.07_1e78ec35-300x225.jpg\",\"contentUrl\":\"https:\/\/www.urolokihl.com\/wp-content\/uploads\/2025\/11\/WhatsApp-Image-2025-11-08-at-21.15.07_1e78ec35-300x225.jpg\"},{\"@type\":\"BreadcrumbList\",\"@id\":\"https:\/\/www.urolokihl.com\/siguenos-en-instagram\/#breadcrumb\",\"itemListElement\":[{\"@type\":\"ListItem\",\"position\":1,\"name\":\"Home\",\"item\":\"https:\/\/www.urolokihl.com\/\"},{\"@type\":\"ListItem\",\"position\":2,\"name\":\"Blog\"}]},{\"@type\":\"WebSite\",\"@id\":\"https:\/\/www.urolokihl.com\/#website\",\"url\":\"https:\/\/www.urolokihl.com\/\",\"name\":\"Barcelona Uroloki Hockey L\u00ednea\",\"description\":\"Club de hockey l\u00ednea en Barcelona. Aprende, compite y divi\u00e9rtete en Uroloki.\",\"publisher\":{\"@id\":\"https:\/\/www.urolokihl.com\/#organization\"},\"alternateName\":\"Barcelona Clot Uroloki HL\",\"potentialAction\":[{\"@type\":\"SearchAction\",\"target\":{\"@type\":\"EntryPoint\",\"urlTemplate\":\"https:\/\/www.urolokihl.com\/?s={search_term_string}\"},\"query-input\":{\"@type\":\"PropertyValueSpecification\",\"valueRequired\":true,\"valueName\":\"search_term_string\"}}],\"inLanguage\":\"ca\"},{\"@type\":[\"Organization\",\"Place\",\"SportsClub\"],\"@id\":\"https:\/\/www.urolokihl.com\/#organization\",\"name\":\"Barcelona Uroloki Hockey L\u00ednea\",\"alternateName\":\"Barcelona Clot Uroloki\",\"url\":\"https:\/\/www.urolokihl.com\/\",\"logo\":{\"@id\":\"https:\/\/www.urolokihl.com\/siguenos-en-instagram\/#local-main-organization-logo\"},\"image\":{\"@id\":\"https:\/\/www.urolokihl.com\/siguenos-en-instagram\/#local-main-organization-logo\"},\"sameAs\":[\"https:\/\/www.instagram.com\/uroloki_hl\/\"],\"description\":\"Club de hockey l\u00ednea en Barcelona. Aprende, compite y divi\u00e9rtete en Uroloki, un espacio donde grandes y peque\u00f1os viven la pasi\u00f3n por el hockey l\u00ednea en el barrio del Clot de Barcelona.\",\"legalName\":\"Uroloki Hockey L\u00ednea\",\"address\":{\"@id\":\"https:\/\/www.urolokihl.com\/siguenos-en-instagram\/#local-main-place-address\"},\"telephone\":[],\"contactPoint\":{\"@type\":\"ContactPoint\",\"telephone\":\"+34 648 03 44 72\"},\"openingHoursSpecification\":[{\"@type\":\"OpeningHoursSpecification\",\"dayOfWeek\":[\"Monday\",\"Tuesday\",\"Wednesday\",\"Thursday\",\"Friday\",\"Saturday\",\"Sunday\"],\"opens\":\"09:00\",\"closes\":\"17:00\"}],\"email\":\"Urolokihockeylinea@gmail.com\",\"globalLocationNumber\":\"C56W+J4 Barcelona\"},{\"@type\":\"PostalAddress\",\"@id\":\"https:\/\/www.urolokihl.com\/siguenos-en-instagram\/#local-main-place-address\",\"streetAddress\":\"Carrer d'Andrade, 40\",\"addressLocality\":\"Barcelona\",\"postalCode\":\"08018\",\"addressRegion\":\"Barcelona\",\"addressCountry\":\"ES\"},{\"@type\":\"ImageObject\",\"inLanguage\":\"ca\",\"@id\":\"https:\/\/www.urolokihl.com\/siguenos-en-instagram\/#local-main-organization-logo\",\"url\":\"\",\"contentUrl\":\"\",\"caption\":\"Barcelona Uroloki Hockey L\u00ednea\"}]}<\/script>\n<meta name=\"geo.placename\" content=\"Barcelona\" \/>\n<meta name=\"geo.region\" content=\"Espanya\" \/>\n<!-- \/ Yoast SEO Premium plugin. -->","yoast_head_json":{"title":"Blog - Uroloki Hockey L\u00ednea","robots":{"index":"index","follow":"follow","max-snippet":"max-snippet:-1","max-image-preview":"max-image-preview:large","max-video-preview":"max-video-preview:-1"},"canonical":"https:\/\/www.urolokihl.com\/ca\/siguenos-en-instagram\/","og_locale":"ca_ES","og_type":"article","og_title":"Blog","og_description":"Blog Uroloki Hockey L\u00ednea Uroloki Hockey L\u00ednea Barcelona celebra una jornada llena de energ\u00eda, victorias y esp\u00edritu de equipo Una tarde redonda de hockey l\u00ednea en Barcelona con los Uroloki Este domingo vivimos una jornada inolvidable en el Club Uroloki Hockey L\u00ednea \ud83d\udc9a\ud83d\udd25. Leer m\u00e1s&#8230; adminNovember 20, 2025 Encuentra m\u00e1s historias de Uroloki Hockey L\u00ednea [&hellip;]","og_url":"https:\/\/www.urolokihl.com\/ca\/siguenos-en-instagram\/","og_site_name":"Uroloki Hockey L\u00ednea","article_modified_time":"2025-11-26T15:19:21+00:00","og_image":[{"width":2560,"height":1920,"url":"https:\/\/www.urolokihl.com\/wp-content\/uploads\/2025\/11\/WhatsApp-Image-2025-11-08-at-21.15.07_1e78ec35-scaled.jpg","type":"image\/jpeg"}],"twitter_card":"summary_large_image","twitter_misc":{"Temps estimat de lectura":"1 minut"},"schema":{"@context":"https:\/\/schema.org","@graph":[{"@type":"WebPage","@id":"https:\/\/www.urolokihl.com\/siguenos-en-instagram\/","url":"https:\/\/www.urolokihl.com\/siguenos-en-instagram\/","name":"Blog - Uroloki Hockey L\u00ednea","isPartOf":{"@id":"https:\/\/www.urolokihl.com\/#website"},"primaryImageOfPage":{"@id":"https:\/\/www.urolokihl.com\/siguenos-en-instagram\/#primaryimage"},"image":{"@id":"https:\/\/www.urolokihl.com\/siguenos-en-instagram\/#primaryimage"},"thumbnailUrl":"https:\/\/www.urolokihl.com\/wp-content\/uploads\/2025\/11\/WhatsApp-Image-2025-11-08-at-21.15.07_1e78ec35-300x225.jpg","datePublished":"2025-10-28T12:46:23+00:00","dateModified":"2025-11-26T15:19:21+00:00","breadcrumb":{"@id":"https:\/\/www.urolokihl.com\/siguenos-en-instagram\/#breadcrumb"},"inLanguage":"ca","potentialAction":[{"@type":"ReadAction","target":["https:\/\/www.urolokihl.com\/siguenos-en-instagram\/"]}]},{"@type":"ImageObject","inLanguage":"ca","@id":"https:\/\/www.urolokihl.com\/siguenos-en-instagram\/#primaryimage","url":"https:\/\/www.urolokihl.com\/wp-content\/uploads\/2025\/11\/WhatsApp-Image-2025-11-08-at-21.15.07_1e78ec35-300x225.jpg","contentUrl":"https:\/\/www.urolokihl.com\/wp-content\/uploads\/2025\/11\/WhatsApp-Image-2025-11-08-at-21.15.07_1e78ec35-300x225.jpg"},{"@type":"BreadcrumbList","@id":"https:\/\/www.urolokihl.com\/siguenos-en-instagram\/#breadcrumb","itemListElement":[{"@type":"ListItem","position":1,"name":"Home","item":"https:\/\/www.urolokihl.com\/"},{"@type":"ListItem","position":2,"name":"Blog"}]},{"@type":"WebSite","@id":"https:\/\/www.urolokihl.com\/#website","url":"https:\/\/www.urolokihl.com\/","name":"Barcelona Uroloki Hockey L\u00ednea","description":"Club de hockey l\u00ednea en Barcelona. Aprende, compite y divi\u00e9rtete en Uroloki.","publisher":{"@id":"https:\/\/www.urolokihl.com\/#organization"},"alternateName":"Barcelona Clot Uroloki HL","potentialAction":[{"@type":"SearchAction","target":{"@type":"EntryPoint","urlTemplate":"https:\/\/www.urolokihl.com\/?s={search_term_string}"},"query-input":{"@type":"PropertyValueSpecification","valueRequired":true,"valueName":"search_term_string"}}],"inLanguage":"ca"},{"@type":["Organization","Place","SportsClub"],"@id":"https:\/\/www.urolokihl.com\/#organization","name":"Barcelona Uroloki Hockey L\u00ednea","alternateName":"Barcelona Clot Uroloki","url":"https:\/\/www.urolokihl.com\/","logo":{"@id":"https:\/\/www.urolokihl.com\/siguenos-en-instagram\/#local-main-organization-logo"},"image":{"@id":"https:\/\/www.urolokihl.com\/siguenos-en-instagram\/#local-main-organization-logo"},"sameAs":["https:\/\/www.instagram.com\/uroloki_hl\/"],"description":"Club de hockey l\u00ednea en Barcelona. Aprende, compite y divi\u00e9rtete en Uroloki, un espacio donde grandes y peque\u00f1os viven la pasi\u00f3n por el hockey l\u00ednea en el barrio del Clot de Barcelona.","legalName":"Uroloki Hockey L\u00ednea","address":{"@id":"https:\/\/www.urolokihl.com\/siguenos-en-instagram\/#local-main-place-address"},"telephone":[],"contactPoint":{"@type":"ContactPoint","telephone":"+34 648 03 44 72"},"openingHoursSpecification":[{"@type":"OpeningHoursSpecification","dayOfWeek":["Monday","Tuesday","Wednesday","Thursday","Friday","Saturday","Sunday"],"opens":"09:00","closes":"17:00"}],"email":"Urolokihockeylinea@gmail.com","globalLocationNumber":"C56W+J4 Barcelona"},{"@type":"PostalAddress","@id":"https:\/\/www.urolokihl.com\/siguenos-en-instagram\/#local-main-place-address","streetAddress":"Carrer d'Andrade, 40","addressLocality":"Barcelona","postalCode":"08018","addressRegion":"Barcelona","addressCountry":"ES"},{"@type":"ImageObject","inLanguage":"ca","@id":"https:\/\/www.urolokihl.com\/siguenos-en-instagram\/#local-main-organization-logo","url":"","contentUrl":"","caption":"Barcelona Uroloki Hockey L\u00ednea"}]},"geo.placename":"Barcelona","geo.region":"Espanya"},"_links":{"self":[{"href":"https:\/\/www.urolokihl.com\/ca\/wp-json\/wp\/v2\/pages\/106","targetHints":{"allow":["GET"]}}],"collection":[{"href":"https:\/\/www.urolokihl.com\/ca\/wp-json\/wp\/v2\/pages"}],"about":[{"href":"https:\/\/www.urolokihl.com\/ca\/wp-json\/wp\/v2\/types\/page"}],"author":[{"embeddable":true,"href":"https:\/\/www.urolokihl.com\/ca\/wp-json\/wp\/v2\/users\/1"}],"replies":[{"embeddable":true,"href":"https:\/\/www.urolokihl.com\/ca\/wp-json\/wp\/v2\/comments?post=106"}],"version-history":[{"count":73,"href":"https:\/\/www.urolokihl.com\/ca\/wp-json\/wp\/v2\/pages\/106\/revisions"}],"predecessor-version":[{"id":1275,"href":"https:\/\/www.urolokihl.com\/ca\/wp-json\/wp\/v2\/pages\/106\/revisions\/1275"}],"wp:attachment":[{"href":"https:\/\/www.urolokihl.com\/ca\/wp-json\/wp\/v2\/media?parent=106"}],"curies":[{"name":"wp","href":"https:\/\/api.w.org\/{rel}","templated":true}]}}