{"id":1086,"date":"2025-11-16T21:29:40","date_gmt":"2025-11-16T21:29:40","guid":{"rendered":"https:\/\/www.urolokihl.com\/?page_id=1086"},"modified":"2025-11-16T21:41:13","modified_gmt":"2025-11-16T21:41:13","slug":"elementor-page-1086","status":"publish","type":"page","link":"https:\/\/www.urolokihl.com\/ca\/elementor-page-1086\/","title":{"rendered":"FAQ"},"content":{"rendered":"<div data-elementor-type=\"wp-page\" data-elementor-id=\"1086\" class=\"elementor elementor-1086\" data-elementor-post-type=\"page\">\n\t\t\t\t<div class=\"elementor-element elementor-element-1a53314 e-flex e-con-boxed e-con e-parent\" data-id=\"1a53314\" data-element_type=\"container\" data-e-type=\"container\">\n\t\t\t\t\t<div class=\"e-con-inner\">\n\t\t\t\t<div class=\"elementor-element elementor-element-30522ac elementor-widget__width-initial elementor-headline--style-highlight elementor-widget elementor-widget-animated-headline\" data-id=\"30522ac\" data-element_type=\"widget\" data-e-type=\"widget\" data-settings=\"{&quot;marker&quot;:&quot;underline_zigzag&quot;,&quot;highlighted_text&quot;:&quot;Preguntas frecuentes &quot;,&quot;headline_style&quot;:&quot;highlight&quot;,&quot;loop&quot;:&quot;yes&quot;,&quot;highlight_animation_duration&quot;:1200,&quot;highlight_iteration_delay&quot;:8000}\" data-widget_type=\"animated-headline.default\">\n\t\t\t\t\t\t\t<h1 class=\"elementor-headline\">\n\t\t\t\t<span class=\"elementor-headline-dynamic-wrapper elementor-headline-text-wrapper\">\n\t\t\t\t\t<span class=\"elementor-headline-dynamic-text elementor-headline-text-active\">Preguntas frecuentes <\/span>\n\t\t\t\t<\/span>\n\t\t\t\t\t<span class=\"elementor-headline-plain-text elementor-headline-text-wrapper\">sobre Uroloki Hockey L\u00ednea<\/span>\n\t\t\t\t\t<\/h1>\n\t\t\t\t\t\t<\/div>\n\t\t\t\t\t<\/div>\n\t\t\t\t<\/div>\n\t\t<div class=\"elementor-element elementor-element-26ff4ea e-flex e-con-boxed e-con e-parent\" data-id=\"26ff4ea\" data-element_type=\"container\" data-e-type=\"container\">\n\t\t\t\t\t<div class=\"e-con-inner\">\n\t\t\t\t<div class=\"elementor-element elementor-element-f8cd176 elementor-widget elementor-widget-n-accordion\" data-id=\"f8cd176\" data-element_type=\"widget\" data-e-type=\"widget\" data-settings=\"{&quot;default_state&quot;:&quot;expanded&quot;,&quot;max_items_expended&quot;:&quot;one&quot;,&quot;n_accordion_animation_duration&quot;:{&quot;unit&quot;:&quot;ms&quot;,&quot;size&quot;:400,&quot;sizes&quot;:[]}}\" data-widget_type=\"nested-accordion.default\">\n\t\t\t\t\t\t\t<div class=\"e-n-accordion\" aria-label=\"Accordion. Open links with Enter or Space, close with Escape, and navigate with Arrow Keys\">\n\t\t\t\t\t\t<details id=\"e-n-accordion-item-2600\" class=\"e-n-accordion-item\" open>\n\t\t\t\t<summary class=\"e-n-accordion-item-title\" data-accordion-index=\"1\" tabindex=\"0\" aria-expanded=\"true\" aria-controls=\"e-n-accordion-item-2600\" >\n\t\t\t\t\t<span class='e-n-accordion-item-title-header'><div class=\"e-n-accordion-item-title-text\"> \u00bfDesde qu\u00e9 edad se puede empezar en Uroloki? <\/div><\/span>\n\t\t\t\t\t\t\t<span class='e-n-accordion-item-title-icon'>\n\t\t\t<span class='e-opened' ><svg aria-hidden=\"true\" class=\"e-font-icon-svg e-fas-minus\" viewbox=\"0 0 448 512\" xmlns=\"http:\/\/www.w3.org\/2000\/svg\"><path d=\"M416 208H32c-17.67 0-32 14.33-32 32v32c0 17.67 14.33 32 32 32h384c17.67 0 32-14.33 32-32v-32c0-17.67-14.33-32-32-32z\"><\/path><\/svg><\/span>\n\t\t\t<span class='e-closed'><svg aria-hidden=\"true\" class=\"e-font-icon-svg e-fas-plus\" viewbox=\"0 0 448 512\" xmlns=\"http:\/\/www.w3.org\/2000\/svg\"><path d=\"M416 208H272V64c0-17.67-14.33-32-32-32h-32c-17.67 0-32 14.33-32 32v144H32c-17.67 0-32 14.33-32 32v32c0 17.67 14.33 32 32 32h144v144c0 17.67 14.33 32 32 32h32c17.67 0 32-14.33 32-32V304h144c17.67 0 32-14.33 32-32v-32c0-17.67-14.33-32-32-32z\"><\/path><\/svg><\/span>\n\t\t<\/span>\n\n\t\t\t\t\t\t<\/summary>\n\t\t\t\t<div role=\"region\" aria-labelledby=\"e-n-accordion-item-2600\" class=\"elementor-element elementor-element-48f9aba e-con-full e-flex e-con e-child\" data-id=\"48f9aba\" data-element_type=\"container\" data-e-type=\"container\">\n\t\t<div role=\"region\" aria-labelledby=\"e-n-accordion-item-2600\" class=\"elementor-element elementor-element-9cfc826 e-flex e-con-boxed e-con e-child\" data-id=\"9cfc826\" data-element_type=\"container\" data-e-type=\"container\">\n\t\t\t\t\t<div class=\"e-con-inner\">\n\t\t\t\t<div class=\"elementor-element elementor-element-88da7ff elementor-widget elementor-widget-text-editor\" data-id=\"88da7ff\" data-element_type=\"widget\" data-e-type=\"widget\" data-widget_type=\"text-editor.default\">\n\t\t\t\t\t\t\t\t\t<p>En Uroloki aceptamos ni\u00f1os y ni\u00f1as desde edades tempranas que quieran aprender a patinar y descubrir el hockey l\u00ednea. <strong>Lo importante no es la edad exacta, sino las ganas de divertirse,<\/strong> aprender y formar parte del equipo.<\/p>\t\t\t\t\t\t\t\t<\/div>\n\t\t\t\t\t<\/div>\n\t\t\t\t<\/div>\n\t\t\t\t<\/div>\n\t\t\t\t\t<\/details>\n\t\t\t\t\t\t<details id=\"e-n-accordion-item-2601\" class=\"e-n-accordion-item\" >\n\t\t\t\t<summary class=\"e-n-accordion-item-title\" data-accordion-index=\"2\" tabindex=\"-1\" aria-expanded=\"false\" aria-controls=\"e-n-accordion-item-2601\" >\n\t\t\t\t\t<span class='e-n-accordion-item-title-header'><div class=\"e-n-accordion-item-title-text\"> \u00bfEs necesario saber patinar antes de entrar en Uroloki? <\/div><\/span>\n\t\t\t\t\t\t\t<span class='e-n-accordion-item-title-icon'>\n\t\t\t<span class='e-opened' ><svg aria-hidden=\"true\" class=\"e-font-icon-svg e-fas-minus\" viewbox=\"0 0 448 512\" xmlns=\"http:\/\/www.w3.org\/2000\/svg\"><path d=\"M416 208H32c-17.67 0-32 14.33-32 32v32c0 17.67 14.33 32 32 32h384c17.67 0 32-14.33 32-32v-32c0-17.67-14.33-32-32-32z\"><\/path><\/svg><\/span>\n\t\t\t<span class='e-closed'><svg aria-hidden=\"true\" class=\"e-font-icon-svg e-fas-plus\" viewbox=\"0 0 448 512\" xmlns=\"http:\/\/www.w3.org\/2000\/svg\"><path d=\"M416 208H272V64c0-17.67-14.33-32-32-32h-32c-17.67 0-32 14.33-32 32v144H32c-17.67 0-32 14.33-32 32v32c0 17.67 14.33 32 32 32h144v144c0 17.67 14.33 32 32 32h32c17.67 0 32-14.33 32-32V304h144c17.67 0 32-14.33 32-32v-32c0-17.67-14.33-32-32-32z\"><\/path><\/svg><\/span>\n\t\t<\/span>\n\n\t\t\t\t\t\t<\/summary>\n\t\t\t\t<div role=\"region\" aria-labelledby=\"e-n-accordion-item-2601\" class=\"elementor-element elementor-element-9c82556 e-con-full e-flex e-con e-child\" data-id=\"9c82556\" data-element_type=\"container\" data-e-type=\"container\">\n\t\t<div role=\"region\" aria-labelledby=\"e-n-accordion-item-2601\" class=\"elementor-element elementor-element-27449c4 e-flex e-con-boxed e-con e-child\" data-id=\"27449c4\" data-element_type=\"container\" data-e-type=\"container\">\n\t\t\t\t\t<div class=\"e-con-inner\">\n\t\t\t\t<div class=\"elementor-element elementor-element-1fdaa44 elementor-widget elementor-widget-text-editor\" data-id=\"1fdaa44\" data-element_type=\"widget\" data-e-type=\"widget\" data-widget_type=\"text-editor.default\">\n\t\t\t\t\t\t\t\t\t<p>No. En Uroloki puedes empezar a patinar desde cero. Tenemos grupos de iniciaci\u00f3n donde trabajamos la base del patinaje: equilibrio, frenadas, giros y seguridad sobre ruedas. A partir de ah\u00ed, cada ni\u00f1o o ni\u00f1a va avanzando a su ritmo hacia el hockey l\u00ednea.<\/p>\t\t\t\t\t\t\t\t<\/div>\n\t\t\t\t\t<\/div>\n\t\t\t\t<\/div>\n\t\t\t\t<\/div>\n\t\t\t\t\t<\/details>\n\t\t\t\t\t\t<details id=\"e-n-accordion-item-2602\" class=\"e-n-accordion-item\" >\n\t\t\t\t<summary class=\"e-n-accordion-item-title\" data-accordion-index=\"3\" tabindex=\"-1\" aria-expanded=\"false\" aria-controls=\"e-n-accordion-item-2602\" >\n\t\t\t\t\t<span class='e-n-accordion-item-title-header'><div class=\"e-n-accordion-item-title-text\"> \u00bfEs Uroloki una buena opci\u00f3n para aprender a patinar desde cero en Sant Mart\u00ed \/ Clot (Barcelona)? <\/div><\/span>\n\t\t\t\t\t\t\t<span class='e-n-accordion-item-title-icon'>\n\t\t\t<span class='e-opened' ><svg aria-hidden=\"true\" class=\"e-font-icon-svg e-fas-minus\" viewbox=\"0 0 448 512\" xmlns=\"http:\/\/www.w3.org\/2000\/svg\"><path d=\"M416 208H32c-17.67 0-32 14.33-32 32v32c0 17.67 14.33 32 32 32h384c17.67 0 32-14.33 32-32v-32c0-17.67-14.33-32-32-32z\"><\/path><\/svg><\/span>\n\t\t\t<span class='e-closed'><svg aria-hidden=\"true\" class=\"e-font-icon-svg e-fas-plus\" viewbox=\"0 0 448 512\" xmlns=\"http:\/\/www.w3.org\/2000\/svg\"><path d=\"M416 208H272V64c0-17.67-14.33-32-32-32h-32c-17.67 0-32 14.33-32 32v144H32c-17.67 0-32 14.33-32 32v32c0 17.67 14.33 32 32 32h144v144c0 17.67 14.33 32 32 32h32c17.67 0 32-14.33 32-32V304h144c17.67 0 32-14.33 32-32v-32c0-17.67-14.33-32-32-32z\"><\/path><\/svg><\/span>\n\t\t<\/span>\n\n\t\t\t\t\t\t<\/summary>\n\t\t\t\t<div role=\"region\" aria-labelledby=\"e-n-accordion-item-2602\" class=\"elementor-element elementor-element-e73ad46 e-con-full e-flex e-con e-child\" data-id=\"e73ad46\" data-element_type=\"container\" data-e-type=\"container\">\n\t\t<div role=\"region\" aria-labelledby=\"e-n-accordion-item-2602\" class=\"elementor-element elementor-element-c5292c6 e-flex e-con-boxed e-con e-child\" data-id=\"c5292c6\" data-element_type=\"container\" data-e-type=\"container\">\n\t\t\t\t\t<div class=\"e-con-inner\">\n\t\t\t\t<div class=\"elementor-element elementor-element-9ce6b0e elementor-widget elementor-widget-text-editor\" data-id=\"9ce6b0e\" data-element_type=\"widget\" data-e-type=\"widget\" data-widget_type=\"text-editor.default\">\n\t\t\t\t\t\t\t\t\t<p>S\u00ed. Uroloki es una opci\u00f3n ideal para aprender a patinar desde cero en el barrio de Sant Mart\u00ed, en Barcelona. Trabajamos en grupos reducidos, con entrenadores que acompa\u00f1an el progreso de cada jugador y con un ambiente familiar donde los ni\u00f1os y ni\u00f1as se sienten c\u00f3modos desde el primer d\u00eda.<\/p>\t\t\t\t\t\t\t\t<\/div>\n\t\t\t\t\t<\/div>\n\t\t\t\t<\/div>\n\t\t\t\t<\/div>\n\t\t\t\t\t<\/details>\n\t\t\t\t\t<\/div>\n\t\t\t\t\t\t<\/div>\n\t\t\t\t\t<\/div>\n\t\t\t\t<\/div>\n\t\t\t\t<\/div>","protected":false},"excerpt":{"rendered":"<p>Preguntas frecuentes sobre Uroloki Hockey L\u00ednea \u00bfDesde qu\u00e9 edad se puede empezar en Uroloki? En Uroloki aceptamos ni\u00f1os y ni\u00f1as desde edades tempranas que quieran aprender a patinar y descubrir el hockey l\u00ednea. Lo importante no es la edad exacta, sino las ganas de divertirse, aprender y formar parte del equipo. \u00bfEs necesario saber patinar [&hellip;]<\/p>\n","protected":false},"author":1,"featured_media":0,"parent":0,"menu_order":0,"comment_status":"closed","ping_status":"closed","template":"","meta":{"footnotes":""},"class_list":["post-1086","page","type-page","status-publish","hentry"],"yoast_head":"<!-- This site is optimized with the Yoast SEO Premium plugin v27.1 (Yoast SEO v27.2) - https:\/\/yoast.com\/product\/yoast-seo-premium-wordpress\/ -->\n<title>FAQ - Uroloki Hockey L\u00ednea<\/title>\n<meta name=\"robots\" content=\"index, follow, max-snippet:-1, max-image-preview:large, max-video-preview:-1\" \/>\n<link rel=\"canonical\" href=\"https:\/\/www.urolokihl.com\/ca\/elementor-page-1086\/\" \/>\n<meta property=\"og:locale\" content=\"ca_ES\" \/>\n<meta property=\"og:type\" content=\"article\" \/>\n<meta property=\"og:title\" content=\"FAQ\" \/>\n<meta property=\"og:description\" content=\"Preguntas frecuentes sobre Uroloki Hockey L\u00ednea \u00bfDesde qu\u00e9 edad se puede empezar en Uroloki? En Uroloki aceptamos ni\u00f1os y ni\u00f1as desde edades tempranas que quieran aprender a patinar y descubrir el hockey l\u00ednea. Lo importante no es la edad exacta, sino las ganas de divertirse, aprender y formar parte del equipo. \u00bfEs necesario saber patinar [&hellip;]\" \/>\n<meta property=\"og:url\" content=\"https:\/\/www.urolokihl.com\/ca\/elementor-page-1086\/\" \/>\n<meta property=\"og:site_name\" content=\"Uroloki Hockey L\u00ednea\" \/>\n<meta property=\"article:modified_time\" content=\"2025-11-16T21:41:13+00:00\" \/>\n<meta name=\"twitter:card\" content=\"summary_large_image\" \/>\n<meta name=\"twitter:label1\" content=\"Temps estimat de lectura\" \/>\n\t<meta name=\"twitter:data1\" content=\"2 minuts\" \/>\n<script type=\"application\/ld+json\" class=\"yoast-schema-graph\">{\"@context\":\"https:\/\/schema.org\",\"@graph\":[{\"@type\":\"WebPage\",\"@id\":\"https:\/\/www.urolokihl.com\/elementor-page-1086\/\",\"url\":\"https:\/\/www.urolokihl.com\/elementor-page-1086\/\",\"name\":\"FAQ - Uroloki Hockey L\u00ednea\",\"isPartOf\":{\"@id\":\"https:\/\/www.urolokihl.com\/#website\"},\"datePublished\":\"2025-11-16T21:29:40+00:00\",\"dateModified\":\"2025-11-16T21:41:13+00:00\",\"breadcrumb\":{\"@id\":\"https:\/\/www.urolokihl.com\/elementor-page-1086\/#breadcrumb\"},\"inLanguage\":\"ca\",\"potentialAction\":[{\"@type\":\"ReadAction\",\"target\":[\"https:\/\/www.urolokihl.com\/elementor-page-1086\/\"]}]},{\"@type\":\"BreadcrumbList\",\"@id\":\"https:\/\/www.urolokihl.com\/elementor-page-1086\/#breadcrumb\",\"itemListElement\":[{\"@type\":\"ListItem\",\"position\":1,\"name\":\"Home\",\"item\":\"https:\/\/www.urolokihl.com\/\"},{\"@type\":\"ListItem\",\"position\":2,\"name\":\"FAQ\"}]},{\"@type\":\"WebSite\",\"@id\":\"https:\/\/www.urolokihl.com\/#website\",\"url\":\"https:\/\/www.urolokihl.com\/\",\"name\":\"Barcelona Uroloki Hockey L\u00ednea\",\"description\":\"Club de hockey l\u00ednea en Barcelona. Aprende, compite y divi\u00e9rtete en Uroloki.\",\"publisher\":{\"@id\":\"https:\/\/www.urolokihl.com\/#organization\"},\"alternateName\":\"Barcelona Clot Uroloki HL\",\"potentialAction\":[{\"@type\":\"SearchAction\",\"target\":{\"@type\":\"EntryPoint\",\"urlTemplate\":\"https:\/\/www.urolokihl.com\/?s={search_term_string}\"},\"query-input\":{\"@type\":\"PropertyValueSpecification\",\"valueRequired\":true,\"valueName\":\"search_term_string\"}}],\"inLanguage\":\"ca\"},{\"@type\":[\"Organization\",\"Place\",\"SportsClub\"],\"@id\":\"https:\/\/www.urolokihl.com\/#organization\",\"name\":\"Barcelona Uroloki Hockey L\u00ednea\",\"alternateName\":\"Barcelona Clot Uroloki\",\"url\":\"https:\/\/www.urolokihl.com\/\",\"logo\":{\"@id\":\"https:\/\/www.urolokihl.com\/elementor-page-1086\/#local-main-organization-logo\"},\"image\":{\"@id\":\"https:\/\/www.urolokihl.com\/elementor-page-1086\/#local-main-organization-logo\"},\"sameAs\":[\"https:\/\/www.instagram.com\/uroloki_hl\/\"],\"description\":\"Club de hockey l\u00ednea en Barcelona. Aprende, compite y divi\u00e9rtete en Uroloki, un espacio donde grandes y peque\u00f1os viven la pasi\u00f3n por el hockey l\u00ednea en el barrio del Clot de Barcelona.\",\"legalName\":\"Uroloki Hockey L\u00ednea\",\"address\":{\"@id\":\"https:\/\/www.urolokihl.com\/elementor-page-1086\/#local-main-place-address\"},\"telephone\":[],\"contactPoint\":{\"@type\":\"ContactPoint\",\"telephone\":\"+34 648 03 44 72\"},\"openingHoursSpecification\":[{\"@type\":\"OpeningHoursSpecification\",\"dayOfWeek\":[\"Monday\",\"Tuesday\",\"Wednesday\",\"Thursday\",\"Friday\",\"Saturday\",\"Sunday\"],\"opens\":\"09:00\",\"closes\":\"17:00\"}],\"email\":\"Urolokihockeylinea@gmail.com\",\"globalLocationNumber\":\"C56W+J4 Barcelona\"},{\"@type\":\"PostalAddress\",\"@id\":\"https:\/\/www.urolokihl.com\/elementor-page-1086\/#local-main-place-address\",\"streetAddress\":\"Carrer d'Andrade, 40\",\"addressLocality\":\"Barcelona\",\"postalCode\":\"08018\",\"addressRegion\":\"Barcelona\",\"addressCountry\":\"ES\"},{\"@type\":\"ImageObject\",\"inLanguage\":\"ca\",\"@id\":\"https:\/\/www.urolokihl.com\/elementor-page-1086\/#local-main-organization-logo\",\"url\":\"\",\"contentUrl\":\"\",\"caption\":\"Barcelona Uroloki Hockey L\u00ednea\"}]}<\/script>\n<meta name=\"geo.placename\" content=\"Barcelona\" \/>\n<meta name=\"geo.region\" content=\"Espanya\" \/>\n<!-- \/ Yoast SEO Premium plugin. -->","yoast_head_json":{"title":"FAQ - Uroloki Hockey L\u00ednea","robots":{"index":"index","follow":"follow","max-snippet":"max-snippet:-1","max-image-preview":"max-image-preview:large","max-video-preview":"max-video-preview:-1"},"canonical":"https:\/\/www.urolokihl.com\/ca\/elementor-page-1086\/","og_locale":"ca_ES","og_type":"article","og_title":"FAQ","og_description":"Preguntas frecuentes sobre Uroloki Hockey L\u00ednea \u00bfDesde qu\u00e9 edad se puede empezar en Uroloki? En Uroloki aceptamos ni\u00f1os y ni\u00f1as desde edades tempranas que quieran aprender a patinar y descubrir el hockey l\u00ednea. Lo importante no es la edad exacta, sino las ganas de divertirse, aprender y formar parte del equipo. \u00bfEs necesario saber patinar [&hellip;]","og_url":"https:\/\/www.urolokihl.com\/ca\/elementor-page-1086\/","og_site_name":"Uroloki Hockey L\u00ednea","article_modified_time":"2025-11-16T21:41:13+00:00","twitter_card":"summary_large_image","twitter_misc":{"Temps estimat de lectura":"2 minuts"},"schema":{"@context":"https:\/\/schema.org","@graph":[{"@type":"WebPage","@id":"https:\/\/www.urolokihl.com\/elementor-page-1086\/","url":"https:\/\/www.urolokihl.com\/elementor-page-1086\/","name":"FAQ - Uroloki Hockey L\u00ednea","isPartOf":{"@id":"https:\/\/www.urolokihl.com\/#website"},"datePublished":"2025-11-16T21:29:40+00:00","dateModified":"2025-11-16T21:41:13+00:00","breadcrumb":{"@id":"https:\/\/www.urolokihl.com\/elementor-page-1086\/#breadcrumb"},"inLanguage":"ca","potentialAction":[{"@type":"ReadAction","target":["https:\/\/www.urolokihl.com\/elementor-page-1086\/"]}]},{"@type":"BreadcrumbList","@id":"https:\/\/www.urolokihl.com\/elementor-page-1086\/#breadcrumb","itemListElement":[{"@type":"ListItem","position":1,"name":"Home","item":"https:\/\/www.urolokihl.com\/"},{"@type":"ListItem","position":2,"name":"FAQ"}]},{"@type":"WebSite","@id":"https:\/\/www.urolokihl.com\/#website","url":"https:\/\/www.urolokihl.com\/","name":"Barcelona Uroloki Hockey L\u00ednea","description":"Club de hockey l\u00ednea en Barcelona. Aprende, compite y divi\u00e9rtete en Uroloki.","publisher":{"@id":"https:\/\/www.urolokihl.com\/#organization"},"alternateName":"Barcelona Clot Uroloki HL","potentialAction":[{"@type":"SearchAction","target":{"@type":"EntryPoint","urlTemplate":"https:\/\/www.urolokihl.com\/?s={search_term_string}"},"query-input":{"@type":"PropertyValueSpecification","valueRequired":true,"valueName":"search_term_string"}}],"inLanguage":"ca"},{"@type":["Organization","Place","SportsClub"],"@id":"https:\/\/www.urolokihl.com\/#organization","name":"Barcelona Uroloki Hockey L\u00ednea","alternateName":"Barcelona Clot Uroloki","url":"https:\/\/www.urolokihl.com\/","logo":{"@id":"https:\/\/www.urolokihl.com\/elementor-page-1086\/#local-main-organization-logo"},"image":{"@id":"https:\/\/www.urolokihl.com\/elementor-page-1086\/#local-main-organization-logo"},"sameAs":["https:\/\/www.instagram.com\/uroloki_hl\/"],"description":"Club de hockey l\u00ednea en Barcelona. Aprende, compite y divi\u00e9rtete en Uroloki, un espacio donde grandes y peque\u00f1os viven la pasi\u00f3n por el hockey l\u00ednea en el barrio del Clot de Barcelona.","legalName":"Uroloki Hockey L\u00ednea","address":{"@id":"https:\/\/www.urolokihl.com\/elementor-page-1086\/#local-main-place-address"},"telephone":[],"contactPoint":{"@type":"ContactPoint","telephone":"+34 648 03 44 72"},"openingHoursSpecification":[{"@type":"OpeningHoursSpecification","dayOfWeek":["Monday","Tuesday","Wednesday","Thursday","Friday","Saturday","Sunday"],"opens":"09:00","closes":"17:00"}],"email":"Urolokihockeylinea@gmail.com","globalLocationNumber":"C56W+J4 Barcelona"},{"@type":"PostalAddress","@id":"https:\/\/www.urolokihl.com\/elementor-page-1086\/#local-main-place-address","streetAddress":"Carrer d'Andrade, 40","addressLocality":"Barcelona","postalCode":"08018","addressRegion":"Barcelona","addressCountry":"ES"},{"@type":"ImageObject","inLanguage":"ca","@id":"https:\/\/www.urolokihl.com\/elementor-page-1086\/#local-main-organization-logo","url":"","contentUrl":"","caption":"Barcelona Uroloki Hockey L\u00ednea"}]},"geo.placename":"Barcelona","geo.region":"Espanya"},"_links":{"self":[{"href":"https:\/\/www.urolokihl.com\/ca\/wp-json\/wp\/v2\/pages\/1086","targetHints":{"allow":["GET"]}}],"collection":[{"href":"https:\/\/www.urolokihl.com\/ca\/wp-json\/wp\/v2\/pages"}],"about":[{"href":"https:\/\/www.urolokihl.com\/ca\/wp-json\/wp\/v2\/types\/page"}],"author":[{"embeddable":true,"href":"https:\/\/www.urolokihl.com\/ca\/wp-json\/wp\/v2\/users\/1"}],"replies":[{"embeddable":true,"href":"https:\/\/www.urolokihl.com\/ca\/wp-json\/wp\/v2\/comments?post=1086"}],"version-history":[{"count":11,"href":"https:\/\/www.urolokihl.com\/ca\/wp-json\/wp\/v2\/pages\/1086\/revisions"}],"predecessor-version":[{"id":1098,"href":"https:\/\/www.urolokihl.com\/ca\/wp-json\/wp\/v2\/pages\/1086\/revisions\/1098"}],"wp:attachment":[{"href":"https:\/\/www.urolokihl.com\/ca\/wp-json\/wp\/v2\/media?parent=1086"}],"curies":[{"name":"wp","href":"https:\/\/api.w.org\/{rel}","templated":true}]}}