{"id":1244,"date":"2025-11-26T15:02:28","date_gmt":"2025-11-26T15:02:28","guid":{"rendered":"https:\/\/www.urolokihl.com\/?page_id=1244"},"modified":"2025-11-26T15:15:18","modified_gmt":"2025-11-26T15:15:18","slug":"uroloki-en-un-click","status":"publish","type":"page","link":"https:\/\/www.urolokihl.com\/ca\/uroloki-en-un-click\/","title":{"rendered":"Uroloki en un click"},"content":{"rendered":"<div data-elementor-type=\"wp-page\" data-elementor-id=\"1244\" class=\"elementor elementor-1244\" data-elementor-post-type=\"page\">\n\t\t\t\t<div class=\"elementor-element elementor-element-b62ed5f e-con-full e-flex e-con e-parent\" data-id=\"b62ed5f\" data-element_type=\"container\" data-e-type=\"container\">\n\t\t<div class=\"elementor-element elementor-element-12ba02b e-con-full e-flex e-con e-child\" data-id=\"12ba02b\" data-element_type=\"container\" data-e-type=\"container\">\n\t\t<div class=\"elementor-element elementor-element-d1e5654 e-con-full e-flex e-con e-child\" data-id=\"d1e5654\" data-element_type=\"container\" data-e-type=\"container\">\n\t\t\t\t<div class=\"elementor-element elementor-element-0fef7f9 elementor-widget__width-initial elementor-headline--style-highlight elementor-widget elementor-widget-animated-headline\" data-id=\"0fef7f9\" data-element_type=\"widget\" data-e-type=\"widget\" data-settings=\"{&quot;marker&quot;:&quot;double&quot;,&quot;highlighted_text&quot;:&quot; en un click!&quot;,&quot;headline_style&quot;:&quot;highlight&quot;,&quot;highlight_animation_duration&quot;:1200}\" data-widget_type=\"animated-headline.default\">\n\t\t\t\t\t\t\t<h3 class=\"elementor-headline\">\n\t\t\t\t\t<span class=\"elementor-headline-plain-text elementor-headline-text-wrapper\">Descobreix qui som i qu\u00e8 fem<\/span>\n\t\t\t\t<span class=\"elementor-headline-dynamic-wrapper elementor-headline-text-wrapper\">\n\t\t\t\t\t<span class=\"elementor-headline-dynamic-text elementor-headline-text-active\"> en un click!<\/span>\n\t\t\t\t<\/span>\n\t\t\t\t<\/h3>\n\t\t\t\t\t\t<\/div>\n\t\t\t\t<\/div>\n\t\t\t\t<\/div>\n\t\t\t\t<\/div>\n\t\t<div class=\"elementor-element elementor-element-e27f5fc e-con-full e-flex e-con e-parent\" data-id=\"e27f5fc\" data-element_type=\"container\" data-e-type=\"container\">\n\t\t\t\t<div class=\"elementor-element elementor-element-1c7dc57 elementor-widget elementor-widget-html\" data-id=\"1c7dc57\" data-element_type=\"widget\" data-e-type=\"widget\" data-widget_type=\"html.default\">\n\t\t\t\t\t<iframe\n  src=\"https:\/\/www.urolokihl.com\/wp-content\/uploads\/2025\/11\/UROLOKI-Qui-Som-Que-Fem-2025.pdf\"\n  width=\"100%\"\n  height=\"800px\"\n  style=\"border:none;\">\n<\/iframe>\n\t\t\t\t<\/div>\n\t\t\t\t<\/div>\n\t\t<div class=\"elementor-element elementor-element-dd5b8b0 e-con-full e-flex e-con e-parent\" data-id=\"dd5b8b0\" data-element_type=\"container\" data-e-type=\"container\">\n\t\t\t\t<\/div>\n\t\t<div class=\"elementor-element elementor-element-52a8004 e-flex e-con-boxed e-con e-parent\" data-id=\"52a8004\" data-element_type=\"container\" data-e-type=\"container\">\n\t\t\t\t\t<div class=\"e-con-inner\">\n\t\t\t\t<div class=\"elementor-element elementor-element-0e6306c elementor-widget__width-initial elementor-headline--style-highlight elementor-widget elementor-widget-animated-headline\" data-id=\"0e6306c\" data-element_type=\"widget\" data-e-type=\"widget\" data-settings=\"{&quot;marker&quot;:&quot;curly&quot;,&quot;highlighted_text&quot;:&quot;Instagram&quot;,&quot;headline_style&quot;:&quot;highlight&quot;,&quot;highlight_animation_duration&quot;:1200}\" data-widget_type=\"animated-headline.default\">\n\t\t\t\t\t\t\t<h3 class=\"elementor-headline\">\n\t\t\t\t\t<span class=\"elementor-headline-plain-text elementor-headline-text-wrapper\">Encuentra m\u00e1s historias de Uroloki Hockey L\u00ednea en <\/span>\n\t\t\t\t<span class=\"elementor-headline-dynamic-wrapper elementor-headline-text-wrapper\">\n\t\t\t\t\t<span class=\"elementor-headline-dynamic-text elementor-headline-text-active\">Instagram<\/span>\n\t\t\t\t<\/span>\n\t\t\t\t<\/h3>\n\t\t\t\t\t\t<\/div>\n\t\t\t\t\t<\/div>\n\t\t\t\t<\/div>\n\t\t<div class=\"elementor-element elementor-element-b2b7283 e-con-full e-flex e-con e-parent\" data-id=\"b2b7283\" data-element_type=\"container\" data-e-type=\"container\">\n\t\t\t\t<div class=\"elementor-element elementor-element-e669514 fade-wrap e-transform elementor-invisible elementor-widget elementor-widget-image\" data-id=\"e669514\" data-element_type=\"widget\" data-e-type=\"widget\" data-settings=\"{&quot;_animation&quot;:&quot;slideInUp&quot;,&quot;_transform_scale_effect&quot;:{&quot;unit&quot;:&quot;px&quot;,&quot;size&quot;:&quot;&quot;,&quot;sizes&quot;:[]},&quot;_transform_scale_effect_tablet&quot;:{&quot;unit&quot;:&quot;px&quot;,&quot;size&quot;:&quot;&quot;,&quot;sizes&quot;:[]},&quot;_transform_scale_effect_mobile&quot;:{&quot;unit&quot;:&quot;px&quot;,&quot;size&quot;:&quot;&quot;,&quot;sizes&quot;:[]}}\" data-widget_type=\"image.default\">\n\t\t\t\t\t\t\t\t\t\t\t\t\t\t\t\t<a href=\"https:\/\/www.instagram.com\/uroloki_hl\/\">\n\t\t\t\t\t\t\t<img fetchpriority=\"high\" decoding=\"async\" width=\"261\" height=\"300\" src=\"https:\/\/www.urolokihl.com\/wp-content\/uploads\/2025\/10\/uroloki_hl_qr-1-261x300.png\" class=\"attachment-medium size-medium wp-image-99\" alt=\"\" srcset=\"https:\/\/www.urolokihl.com\/wp-content\/uploads\/2025\/10\/uroloki_hl_qr-1-261x300.png 261w, https:\/\/www.urolokihl.com\/wp-content\/uploads\/2025\/10\/uroloki_hl_qr-1-891x1024.png 891w, https:\/\/www.urolokihl.com\/wp-content\/uploads\/2025\/10\/uroloki_hl_qr-1-768x882.png 768w, https:\/\/www.urolokihl.com\/wp-content\/uploads\/2025\/10\/uroloki_hl_qr-1-1337x1536.png 1337w, https:\/\/www.urolokihl.com\/wp-content\/uploads\/2025\/10\/uroloki_hl_qr-1-1783x2048.png 1783w\" sizes=\"(max-width: 261px) 100vw, 261px\" \/>\t\t\t\t\t\t\t\t<\/a>\n\t\t\t\t\t\t\t\t\t\t\t\t\t\t\t<\/div>\n\t\t\t\t<\/div>\n\t\t\t\t<\/div>","protected":false},"excerpt":{"rendered":"<p>Descobreix qui som i qu\u00e8 fem en un click! Encuentra m\u00e1s historias de Uroloki Hockey L\u00ednea en Instagram<\/p>","protected":false},"author":1,"featured_media":0,"parent":0,"menu_order":0,"comment_status":"closed","ping_status":"closed","template":"","meta":{"footnotes":""},"class_list":["post-1244","page","type-page","status-publish","hentry"],"yoast_head":"<!-- This site is optimized with the Yoast SEO Premium plugin v27.1 (Yoast SEO v27.2) - https:\/\/yoast.com\/product\/yoast-seo-premium-wordpress\/ -->\n<title>Uroloki en un click - Uroloki Hockey L\u00ednea<\/title>\n<meta name=\"robots\" content=\"index, follow, max-snippet:-1, max-image-preview:large, max-video-preview:-1\" \/>\n<link rel=\"canonical\" href=\"https:\/\/www.urolokihl.com\/ca\/uroloki-en-un-click\/\" \/>\n<meta property=\"og:locale\" content=\"ca_ES\" \/>\n<meta property=\"og:type\" content=\"article\" \/>\n<meta property=\"og:title\" content=\"Uroloki en un click\" \/>\n<meta property=\"og:description\" content=\"Descobreix qui som i qu\u00e8 fem en un click! Encuentra m\u00e1s historias de Uroloki Hockey L\u00ednea en Instagram\" \/>\n<meta property=\"og:url\" content=\"https:\/\/www.urolokihl.com\/ca\/uroloki-en-un-click\/\" \/>\n<meta property=\"og:site_name\" content=\"Uroloki Hockey L\u00ednea\" \/>\n<meta property=\"article:modified_time\" content=\"2025-11-26T15:15:18+00:00\" \/>\n<meta property=\"og:image\" content=\"https:\/\/www.urolokihl.com\/wp-content\/uploads\/2025\/10\/uroloki_hl_qr-1-scaled.png\" \/>\n\t<meta property=\"og:image:width\" content=\"2228\" \/>\n\t<meta property=\"og:image:height\" content=\"2560\" \/>\n\t<meta property=\"og:image:type\" content=\"image\/png\" \/>\n<meta name=\"twitter:card\" content=\"summary_large_image\" \/>\n<meta name=\"twitter:label1\" content=\"Temps estimat de lectura\" \/>\n\t<meta name=\"twitter:data1\" content=\"1 minut\" \/>\n<script type=\"application\/ld+json\" class=\"yoast-schema-graph\">{\"@context\":\"https:\/\/schema.org\",\"@graph\":[{\"@type\":\"WebPage\",\"@id\":\"https:\/\/www.urolokihl.com\/uroloki-en-un-click\/\",\"url\":\"https:\/\/www.urolokihl.com\/uroloki-en-un-click\/\",\"name\":\"Uroloki en un click - Uroloki Hockey L\u00ednea\",\"isPartOf\":{\"@id\":\"https:\/\/www.urolokihl.com\/#website\"},\"primaryImageOfPage\":{\"@id\":\"https:\/\/www.urolokihl.com\/uroloki-en-un-click\/#primaryimage\"},\"image\":{\"@id\":\"https:\/\/www.urolokihl.com\/uroloki-en-un-click\/#primaryimage\"},\"thumbnailUrl\":\"https:\/\/www.urolokihl.com\/wp-content\/uploads\/2025\/10\/uroloki_hl_qr-1-261x300.png\",\"datePublished\":\"2025-11-26T15:02:28+00:00\",\"dateModified\":\"2025-11-26T15:15:18+00:00\",\"breadcrumb\":{\"@id\":\"https:\/\/www.urolokihl.com\/uroloki-en-un-click\/#breadcrumb\"},\"inLanguage\":\"ca\",\"potentialAction\":[{\"@type\":\"ReadAction\",\"target\":[\"https:\/\/www.urolokihl.com\/uroloki-en-un-click\/\"]}]},{\"@type\":\"ImageObject\",\"inLanguage\":\"ca\",\"@id\":\"https:\/\/www.urolokihl.com\/uroloki-en-un-click\/#primaryimage\",\"url\":\"https:\/\/www.urolokihl.com\/wp-content\/uploads\/2025\/10\/uroloki_hl_qr-1-261x300.png\",\"contentUrl\":\"https:\/\/www.urolokihl.com\/wp-content\/uploads\/2025\/10\/uroloki_hl_qr-1-261x300.png\"},{\"@type\":\"BreadcrumbList\",\"@id\":\"https:\/\/www.urolokihl.com\/uroloki-en-un-click\/#breadcrumb\",\"itemListElement\":[{\"@type\":\"ListItem\",\"position\":1,\"name\":\"Home\",\"item\":\"https:\/\/www.urolokihl.com\/\"},{\"@type\":\"ListItem\",\"position\":2,\"name\":\"Uroloki en un click\"}]},{\"@type\":\"WebSite\",\"@id\":\"https:\/\/www.urolokihl.com\/#website\",\"url\":\"https:\/\/www.urolokihl.com\/\",\"name\":\"Barcelona Uroloki Hockey L\u00ednea\",\"description\":\"Club de hockey l\u00ednea en Barcelona. Aprende, compite y divi\u00e9rtete en Uroloki.\",\"publisher\":{\"@id\":\"https:\/\/www.urolokihl.com\/#organization\"},\"alternateName\":\"Barcelona Clot Uroloki HL\",\"potentialAction\":[{\"@type\":\"SearchAction\",\"target\":{\"@type\":\"EntryPoint\",\"urlTemplate\":\"https:\/\/www.urolokihl.com\/?s={search_term_string}\"},\"query-input\":{\"@type\":\"PropertyValueSpecification\",\"valueRequired\":true,\"valueName\":\"search_term_string\"}}],\"inLanguage\":\"ca\"},{\"@type\":[\"Organization\",\"Place\",\"SportsClub\"],\"@id\":\"https:\/\/www.urolokihl.com\/#organization\",\"name\":\"Barcelona Uroloki Hockey L\u00ednea\",\"alternateName\":\"Barcelona Clot Uroloki\",\"url\":\"https:\/\/www.urolokihl.com\/\",\"logo\":{\"@id\":\"https:\/\/www.urolokihl.com\/uroloki-en-un-click\/#local-main-organization-logo\"},\"image\":{\"@id\":\"https:\/\/www.urolokihl.com\/uroloki-en-un-click\/#local-main-organization-logo\"},\"sameAs\":[\"https:\/\/www.instagram.com\/uroloki_hl\/\"],\"description\":\"Club de hockey l\u00ednea en Barcelona. Aprende, compite y divi\u00e9rtete en Uroloki, un espacio donde grandes y peque\u00f1os viven la pasi\u00f3n por el hockey l\u00ednea en el barrio del Clot de Barcelona.\",\"legalName\":\"Uroloki Hockey L\u00ednea\",\"address\":{\"@id\":\"https:\/\/www.urolokihl.com\/uroloki-en-un-click\/#local-main-place-address\"},\"telephone\":[],\"contactPoint\":{\"@type\":\"ContactPoint\",\"telephone\":\"+34 648 03 44 72\"},\"openingHoursSpecification\":[{\"@type\":\"OpeningHoursSpecification\",\"dayOfWeek\":[\"Monday\",\"Tuesday\",\"Wednesday\",\"Thursday\",\"Friday\",\"Saturday\",\"Sunday\"],\"opens\":\"09:00\",\"closes\":\"17:00\"}],\"email\":\"Urolokihockeylinea@gmail.com\",\"globalLocationNumber\":\"C56W+J4 Barcelona\"},{\"@type\":\"PostalAddress\",\"@id\":\"https:\/\/www.urolokihl.com\/uroloki-en-un-click\/#local-main-place-address\",\"streetAddress\":\"Carrer d'Andrade, 40\",\"addressLocality\":\"Barcelona\",\"postalCode\":\"08018\",\"addressRegion\":\"Barcelona\",\"addressCountry\":\"ES\"},{\"@type\":\"ImageObject\",\"inLanguage\":\"ca\",\"@id\":\"https:\/\/www.urolokihl.com\/uroloki-en-un-click\/#local-main-organization-logo\",\"url\":\"\",\"contentUrl\":\"\",\"caption\":\"Barcelona Uroloki Hockey L\u00ednea\"}]}<\/script>\n<meta name=\"geo.placename\" content=\"Barcelona\" \/>\n<meta name=\"geo.region\" content=\"Espanya\" \/>\n<!-- \/ Yoast SEO Premium plugin. -->","yoast_head_json":{"title":"Uroloki en un click - Uroloki Hockey L\u00ednea","robots":{"index":"index","follow":"follow","max-snippet":"max-snippet:-1","max-image-preview":"max-image-preview:large","max-video-preview":"max-video-preview:-1"},"canonical":"https:\/\/www.urolokihl.com\/ca\/uroloki-en-un-click\/","og_locale":"ca_ES","og_type":"article","og_title":"Uroloki en un click","og_description":"Descobreix qui som i qu\u00e8 fem en un click! Encuentra m\u00e1s historias de Uroloki Hockey L\u00ednea en Instagram","og_url":"https:\/\/www.urolokihl.com\/ca\/uroloki-en-un-click\/","og_site_name":"Uroloki Hockey L\u00ednea","article_modified_time":"2025-11-26T15:15:18+00:00","og_image":[{"width":2228,"height":2560,"url":"https:\/\/www.urolokihl.com\/wp-content\/uploads\/2025\/10\/uroloki_hl_qr-1-scaled.png","type":"image\/png"}],"twitter_card":"summary_large_image","twitter_misc":{"Temps estimat de lectura":"1 minut"},"schema":{"@context":"https:\/\/schema.org","@graph":[{"@type":"WebPage","@id":"https:\/\/www.urolokihl.com\/uroloki-en-un-click\/","url":"https:\/\/www.urolokihl.com\/uroloki-en-un-click\/","name":"Uroloki en un click - Uroloki Hockey L\u00ednea","isPartOf":{"@id":"https:\/\/www.urolokihl.com\/#website"},"primaryImageOfPage":{"@id":"https:\/\/www.urolokihl.com\/uroloki-en-un-click\/#primaryimage"},"image":{"@id":"https:\/\/www.urolokihl.com\/uroloki-en-un-click\/#primaryimage"},"thumbnailUrl":"https:\/\/www.urolokihl.com\/wp-content\/uploads\/2025\/10\/uroloki_hl_qr-1-261x300.png","datePublished":"2025-11-26T15:02:28+00:00","dateModified":"2025-11-26T15:15:18+00:00","breadcrumb":{"@id":"https:\/\/www.urolokihl.com\/uroloki-en-un-click\/#breadcrumb"},"inLanguage":"ca","potentialAction":[{"@type":"ReadAction","target":["https:\/\/www.urolokihl.com\/uroloki-en-un-click\/"]}]},{"@type":"ImageObject","inLanguage":"ca","@id":"https:\/\/www.urolokihl.com\/uroloki-en-un-click\/#primaryimage","url":"https:\/\/www.urolokihl.com\/wp-content\/uploads\/2025\/10\/uroloki_hl_qr-1-261x300.png","contentUrl":"https:\/\/www.urolokihl.com\/wp-content\/uploads\/2025\/10\/uroloki_hl_qr-1-261x300.png"},{"@type":"BreadcrumbList","@id":"https:\/\/www.urolokihl.com\/uroloki-en-un-click\/#breadcrumb","itemListElement":[{"@type":"ListItem","position":1,"name":"Home","item":"https:\/\/www.urolokihl.com\/"},{"@type":"ListItem","position":2,"name":"Uroloki en un click"}]},{"@type":"WebSite","@id":"https:\/\/www.urolokihl.com\/#website","url":"https:\/\/www.urolokihl.com\/","name":"Barcelona Uroloki Hockey L\u00ednea","description":"Club de hockey l\u00ednea en Barcelona. Aprende, compite y divi\u00e9rtete en Uroloki.","publisher":{"@id":"https:\/\/www.urolokihl.com\/#organization"},"alternateName":"Barcelona Clot Uroloki HL","potentialAction":[{"@type":"SearchAction","target":{"@type":"EntryPoint","urlTemplate":"https:\/\/www.urolokihl.com\/?s={search_term_string}"},"query-input":{"@type":"PropertyValueSpecification","valueRequired":true,"valueName":"search_term_string"}}],"inLanguage":"ca"},{"@type":["Organization","Place","SportsClub"],"@id":"https:\/\/www.urolokihl.com\/#organization","name":"Barcelona Uroloki Hockey L\u00ednea","alternateName":"Barcelona Clot Uroloki","url":"https:\/\/www.urolokihl.com\/","logo":{"@id":"https:\/\/www.urolokihl.com\/uroloki-en-un-click\/#local-main-organization-logo"},"image":{"@id":"https:\/\/www.urolokihl.com\/uroloki-en-un-click\/#local-main-organization-logo"},"sameAs":["https:\/\/www.instagram.com\/uroloki_hl\/"],"description":"Club de hockey l\u00ednea en Barcelona. Aprende, compite y divi\u00e9rtete en Uroloki, un espacio donde grandes y peque\u00f1os viven la pasi\u00f3n por el hockey l\u00ednea en el barrio del Clot de Barcelona.","legalName":"Uroloki Hockey L\u00ednea","address":{"@id":"https:\/\/www.urolokihl.com\/uroloki-en-un-click\/#local-main-place-address"},"telephone":[],"contactPoint":{"@type":"ContactPoint","telephone":"+34 648 03 44 72"},"openingHoursSpecification":[{"@type":"OpeningHoursSpecification","dayOfWeek":["Monday","Tuesday","Wednesday","Thursday","Friday","Saturday","Sunday"],"opens":"09:00","closes":"17:00"}],"email":"Urolokihockeylinea@gmail.com","globalLocationNumber":"C56W+J4 Barcelona"},{"@type":"PostalAddress","@id":"https:\/\/www.urolokihl.com\/uroloki-en-un-click\/#local-main-place-address","streetAddress":"Carrer d'Andrade, 40","addressLocality":"Barcelona","postalCode":"08018","addressRegion":"Barcelona","addressCountry":"ES"},{"@type":"ImageObject","inLanguage":"ca","@id":"https:\/\/www.urolokihl.com\/uroloki-en-un-click\/#local-main-organization-logo","url":"","contentUrl":"","caption":"Barcelona Uroloki Hockey L\u00ednea"}]},"geo.placename":"Barcelona","geo.region":"Espanya"},"_links":{"self":[{"href":"https:\/\/www.urolokihl.com\/ca\/wp-json\/wp\/v2\/pages\/1244","targetHints":{"allow":["GET"]}}],"collection":[{"href":"https:\/\/www.urolokihl.com\/ca\/wp-json\/wp\/v2\/pages"}],"about":[{"href":"https:\/\/www.urolokihl.com\/ca\/wp-json\/wp\/v2\/types\/page"}],"author":[{"embeddable":true,"href":"https:\/\/www.urolokihl.com\/ca\/wp-json\/wp\/v2\/users\/1"}],"replies":[{"embeddable":true,"href":"https:\/\/www.urolokihl.com\/ca\/wp-json\/wp\/v2\/comments?post=1244"}],"version-history":[{"count":24,"href":"https:\/\/www.urolokihl.com\/ca\/wp-json\/wp\/v2\/pages\/1244\/revisions"}],"predecessor-version":[{"id":1272,"href":"https:\/\/www.urolokihl.com\/ca\/wp-json\/wp\/v2\/pages\/1244\/revisions\/1272"}],"wp:attachment":[{"href":"https:\/\/www.urolokihl.com\/ca\/wp-json\/wp\/v2\/media?parent=1244"}],"curies":[{"name":"wp","href":"https:\/\/api.w.org\/{rel}","templated":true}]}}