{"id":499,"date":"2025-10-31T13:56:40","date_gmt":"2025-10-31T13:56:40","guid":{"rendered":"https:\/\/www.urolokihl.com\/?page_id=499"},"modified":"2025-11-10T12:51:41","modified_gmt":"2025-11-10T12:51:41","slug":"shop","status":"publish","type":"page","link":"https:\/\/www.urolokihl.com\/ca\/shop\/","title":{"rendered":"Shop"},"content":{"rendered":"<div data-elementor-type=\"wp-page\" data-elementor-id=\"499\" class=\"elementor elementor-499\" data-elementor-post-type=\"page\">\n\t\t\t\t<div class=\"elementor-element elementor-element-426197d e-con-full e-flex e-con e-parent\" data-id=\"426197d\" data-element_type=\"container\" data-e-type=\"container\">\n\t\t\t\t<div class=\"elementor-element elementor-element-911252d elementor-widget__width-initial elementor-widget elementor-widget-html\" data-id=\"911252d\" data-element_type=\"widget\" data-e-type=\"widget\" data-widget_type=\"html.default\">\n\t\t\t\t\t<div id=\"spreadshop\" style=\"width:100%; margin:0 auto; padding:0;\"><\/div>\r\n\r\n<script>\r\n  var spread_shop_config = {\r\n    shopName: 'uroloki-shop',\r\n    locale: 'es_ES',\r\n    prefix: 'https:\/\/uroloki-shop.myspreadshop.net',\r\n    baseId: 'spreadshop'\r\n  };\r\n<\/script>\r\n<script type=\"text\/javascript\" \r\n        src=\"https:\/\/uroloki-shop.myspreadshop.net\/shopfiles\/shopclient\/shopclient.nocache.js\">\r\n<\/script>\t\t\t\t<\/div>\n\t\t\t\t<\/div>\n\t\t\t\t<\/div>","protected":false},"excerpt":{"rendered":"","protected":false},"author":1,"featured_media":0,"parent":0,"menu_order":0,"comment_status":"closed","ping_status":"open","template":"","meta":{"footnotes":""},"class_list":["post-499","page","type-page","status-publish","hentry"],"yoast_head":"<!-- This site is optimized with the Yoast SEO Premium plugin v27.1 (Yoast SEO v27.2) - https:\/\/yoast.com\/product\/yoast-seo-premium-wordpress\/ -->\n<title>Shop - Uroloki Hockey L\u00ednea<\/title>\n<meta name=\"robots\" content=\"index, follow, max-snippet:-1, max-image-preview:large, max-video-preview:-1\" \/>\n<link rel=\"canonical\" href=\"https:\/\/www.urolokihl.com\/ca\/shop\/\" \/>\n<meta property=\"og:locale\" content=\"ca_ES\" \/>\n<meta property=\"og:type\" content=\"article\" \/>\n<meta property=\"og:title\" content=\"Shop\" \/>\n<meta property=\"og:url\" content=\"https:\/\/www.urolokihl.com\/ca\/shop\/\" \/>\n<meta property=\"og:site_name\" content=\"Uroloki Hockey L\u00ednea\" \/>\n<meta property=\"article:modified_time\" content=\"2025-11-10T12:51:41+00:00\" \/>\n<meta name=\"twitter:card\" content=\"summary_large_image\" \/>\n<meta name=\"twitter:label1\" content=\"Temps estimat de lectura\" \/>\n\t<meta name=\"twitter:data1\" content=\"4 minuts\" \/>\n<script type=\"application\/ld+json\" class=\"yoast-schema-graph\">{\"@context\":\"https:\/\/schema.org\",\"@graph\":[{\"@type\":\"WebPage\",\"@id\":\"https:\/\/www.urolokihl.com\/shop\/\",\"url\":\"https:\/\/www.urolokihl.com\/shop\/\",\"name\":\"Shop - Uroloki Hockey L\u00ednea\",\"isPartOf\":{\"@id\":\"https:\/\/www.urolokihl.com\/#website\"},\"datePublished\":\"2025-10-31T13:56:40+00:00\",\"dateModified\":\"2025-11-10T12:51:41+00:00\",\"breadcrumb\":{\"@id\":\"https:\/\/www.urolokihl.com\/shop\/#breadcrumb\"},\"inLanguage\":\"ca\",\"potentialAction\":[{\"@type\":\"ReadAction\",\"target\":[\"https:\/\/www.urolokihl.com\/shop\/\"]}]},{\"@type\":\"BreadcrumbList\",\"@id\":\"https:\/\/www.urolokihl.com\/shop\/#breadcrumb\",\"itemListElement\":[{\"@type\":\"ListItem\",\"position\":1,\"name\":\"Home\",\"item\":\"https:\/\/www.urolokihl.com\/\"},{\"@type\":\"ListItem\",\"position\":2,\"name\":\"Shop\"}]},{\"@type\":\"WebSite\",\"@id\":\"https:\/\/www.urolokihl.com\/#website\",\"url\":\"https:\/\/www.urolokihl.com\/\",\"name\":\"Barcelona Uroloki Hockey L\u00ednea\",\"description\":\"Club de hockey l\u00ednea en Barcelona. Aprende, compite y divi\u00e9rtete en Uroloki.\",\"publisher\":{\"@id\":\"https:\/\/www.urolokihl.com\/#organization\"},\"alternateName\":\"Barcelona Clot Uroloki HL\",\"potentialAction\":[{\"@type\":\"SearchAction\",\"target\":{\"@type\":\"EntryPoint\",\"urlTemplate\":\"https:\/\/www.urolokihl.com\/?s={search_term_string}\"},\"query-input\":{\"@type\":\"PropertyValueSpecification\",\"valueRequired\":true,\"valueName\":\"search_term_string\"}}],\"inLanguage\":\"ca\"},{\"@type\":[\"Organization\",\"Place\",\"SportsClub\"],\"@id\":\"https:\/\/www.urolokihl.com\/#organization\",\"name\":\"Barcelona Uroloki Hockey L\u00ednea\",\"alternateName\":\"Barcelona Clot Uroloki\",\"url\":\"https:\/\/www.urolokihl.com\/\",\"logo\":{\"@id\":\"https:\/\/www.urolokihl.com\/shop\/#local-main-organization-logo\"},\"image\":{\"@id\":\"https:\/\/www.urolokihl.com\/shop\/#local-main-organization-logo\"},\"sameAs\":[\"https:\/\/www.instagram.com\/uroloki_hl\/\"],\"description\":\"Club de hockey l\u00ednea en Barcelona. Aprende, compite y divi\u00e9rtete en Uroloki, un espacio donde grandes y peque\u00f1os viven la pasi\u00f3n por el hockey l\u00ednea en el barrio del Clot de Barcelona.\",\"legalName\":\"Uroloki Hockey L\u00ednea\",\"address\":{\"@id\":\"https:\/\/www.urolokihl.com\/shop\/#local-main-place-address\"},\"telephone\":[],\"contactPoint\":{\"@type\":\"ContactPoint\",\"telephone\":\"+34 648 03 44 72\"},\"openingHoursSpecification\":[{\"@type\":\"OpeningHoursSpecification\",\"dayOfWeek\":[\"Monday\",\"Tuesday\",\"Wednesday\",\"Thursday\",\"Friday\",\"Saturday\",\"Sunday\"],\"opens\":\"09:00\",\"closes\":\"17:00\"}],\"email\":\"Urolokihockeylinea@gmail.com\",\"globalLocationNumber\":\"C56W+J4 Barcelona\"},{\"@type\":\"PostalAddress\",\"@id\":\"https:\/\/www.urolokihl.com\/shop\/#local-main-place-address\",\"streetAddress\":\"Carrer d'Andrade, 40\",\"addressLocality\":\"Barcelona\",\"postalCode\":\"08018\",\"addressRegion\":\"Barcelona\",\"addressCountry\":\"ES\"},{\"@type\":\"ImageObject\",\"inLanguage\":\"ca\",\"@id\":\"https:\/\/www.urolokihl.com\/shop\/#local-main-organization-logo\",\"url\":\"\",\"contentUrl\":\"\",\"caption\":\"Barcelona Uroloki Hockey L\u00ednea\"}]}<\/script>\n<meta name=\"geo.placename\" content=\"Barcelona\" \/>\n<meta name=\"geo.region\" content=\"Espanya\" \/>\n<!-- \/ Yoast SEO Premium plugin. -->","yoast_head_json":{"title":"Shop - Uroloki Hockey L\u00ednea","robots":{"index":"index","follow":"follow","max-snippet":"max-snippet:-1","max-image-preview":"max-image-preview:large","max-video-preview":"max-video-preview:-1"},"canonical":"https:\/\/www.urolokihl.com\/ca\/shop\/","og_locale":"ca_ES","og_type":"article","og_title":"Shop","og_url":"https:\/\/www.urolokihl.com\/ca\/shop\/","og_site_name":"Uroloki Hockey L\u00ednea","article_modified_time":"2025-11-10T12:51:41+00:00","twitter_card":"summary_large_image","twitter_misc":{"Temps estimat de lectura":"4 minuts"},"schema":{"@context":"https:\/\/schema.org","@graph":[{"@type":"WebPage","@id":"https:\/\/www.urolokihl.com\/shop\/","url":"https:\/\/www.urolokihl.com\/shop\/","name":"Shop - Uroloki Hockey L\u00ednea","isPartOf":{"@id":"https:\/\/www.urolokihl.com\/#website"},"datePublished":"2025-10-31T13:56:40+00:00","dateModified":"2025-11-10T12:51:41+00:00","breadcrumb":{"@id":"https:\/\/www.urolokihl.com\/shop\/#breadcrumb"},"inLanguage":"ca","potentialAction":[{"@type":"ReadAction","target":["https:\/\/www.urolokihl.com\/shop\/"]}]},{"@type":"BreadcrumbList","@id":"https:\/\/www.urolokihl.com\/shop\/#breadcrumb","itemListElement":[{"@type":"ListItem","position":1,"name":"Home","item":"https:\/\/www.urolokihl.com\/"},{"@type":"ListItem","position":2,"name":"Shop"}]},{"@type":"WebSite","@id":"https:\/\/www.urolokihl.com\/#website","url":"https:\/\/www.urolokihl.com\/","name":"Barcelona Uroloki Hockey L\u00ednea","description":"Club de hockey l\u00ednea en Barcelona. Aprende, compite y divi\u00e9rtete en Uroloki.","publisher":{"@id":"https:\/\/www.urolokihl.com\/#organization"},"alternateName":"Barcelona Clot Uroloki HL","potentialAction":[{"@type":"SearchAction","target":{"@type":"EntryPoint","urlTemplate":"https:\/\/www.urolokihl.com\/?s={search_term_string}"},"query-input":{"@type":"PropertyValueSpecification","valueRequired":true,"valueName":"search_term_string"}}],"inLanguage":"ca"},{"@type":["Organization","Place","SportsClub"],"@id":"https:\/\/www.urolokihl.com\/#organization","name":"Barcelona Uroloki Hockey L\u00ednea","alternateName":"Barcelona Clot Uroloki","url":"https:\/\/www.urolokihl.com\/","logo":{"@id":"https:\/\/www.urolokihl.com\/shop\/#local-main-organization-logo"},"image":{"@id":"https:\/\/www.urolokihl.com\/shop\/#local-main-organization-logo"},"sameAs":["https:\/\/www.instagram.com\/uroloki_hl\/"],"description":"Club de hockey l\u00ednea en Barcelona. Aprende, compite y divi\u00e9rtete en Uroloki, un espacio donde grandes y peque\u00f1os viven la pasi\u00f3n por el hockey l\u00ednea en el barrio del Clot de Barcelona.","legalName":"Uroloki Hockey L\u00ednea","address":{"@id":"https:\/\/www.urolokihl.com\/shop\/#local-main-place-address"},"telephone":[],"contactPoint":{"@type":"ContactPoint","telephone":"+34 648 03 44 72"},"openingHoursSpecification":[{"@type":"OpeningHoursSpecification","dayOfWeek":["Monday","Tuesday","Wednesday","Thursday","Friday","Saturday","Sunday"],"opens":"09:00","closes":"17:00"}],"email":"Urolokihockeylinea@gmail.com","globalLocationNumber":"C56W+J4 Barcelona"},{"@type":"PostalAddress","@id":"https:\/\/www.urolokihl.com\/shop\/#local-main-place-address","streetAddress":"Carrer d'Andrade, 40","addressLocality":"Barcelona","postalCode":"08018","addressRegion":"Barcelona","addressCountry":"ES"},{"@type":"ImageObject","inLanguage":"ca","@id":"https:\/\/www.urolokihl.com\/shop\/#local-main-organization-logo","url":"","contentUrl":"","caption":"Barcelona Uroloki Hockey L\u00ednea"}]},"geo.placename":"Barcelona","geo.region":"Espanya"},"_links":{"self":[{"href":"https:\/\/www.urolokihl.com\/ca\/wp-json\/wp\/v2\/pages\/499","targetHints":{"allow":["GET"]}}],"collection":[{"href":"https:\/\/www.urolokihl.com\/ca\/wp-json\/wp\/v2\/pages"}],"about":[{"href":"https:\/\/www.urolokihl.com\/ca\/wp-json\/wp\/v2\/types\/page"}],"author":[{"embeddable":true,"href":"https:\/\/www.urolokihl.com\/ca\/wp-json\/wp\/v2\/users\/1"}],"replies":[{"embeddable":true,"href":"https:\/\/www.urolokihl.com\/ca\/wp-json\/wp\/v2\/comments?post=499"}],"version-history":[{"count":10,"href":"https:\/\/www.urolokihl.com\/ca\/wp-json\/wp\/v2\/pages\/499\/revisions"}],"predecessor-version":[{"id":792,"href":"https:\/\/www.urolokihl.com\/ca\/wp-json\/wp\/v2\/pages\/499\/revisions\/792"}],"wp:attachment":[{"href":"https:\/\/www.urolokihl.com\/ca\/wp-json\/wp\/v2\/media?parent=499"}],"curies":[{"name":"wp","href":"https:\/\/api.w.org\/{rel}","templated":true}]}}