{"id":501,"date":"2025-11-02T08:15:32","date_gmt":"2025-11-02T08:15:32","guid":{"rendered":"https:\/\/www.urolokihl.com\/?page_id=501"},"modified":"2025-11-09T14:05:18","modified_gmt":"2025-11-09T14:05:18","slug":"partidos","status":"publish","type":"page","link":"https:\/\/www.urolokihl.com\/ca\/partidos\/","title":{"rendered":"Partidos"},"content":{"rendered":"\t\t<div data-elementor-type=\"wp-page\" data-elementor-id=\"501\" class=\"elementor elementor-501\" data-elementor-post-type=\"page\">\n\t\t\t\t<div class=\"elementor-element elementor-element-f1f9ecf e-con-full e-flex e-con e-parent\" data-id=\"f1f9ecf\" data-element_type=\"container\" data-e-type=\"container\">\n\t\t\t\t<div class=\"elementor-element elementor-element-85a816c elementor-widget elementor-widget-shortcode\" data-id=\"85a816c\" data-element_type=\"widget\" data-e-type=\"widget\" data-widget_type=\"shortcode.default\">\n\t\t\t\t\t\t\t<div class=\"elementor-shortcode\"><div id=\"uroloki-matches\"><\/div>\n<script>\n(async () => {\n  const url = \"https:\/\/hook.eu2.make.com\/aikgm1axtx48qrdh7d480l9l5q47tym9\";\n  const rows = await fetch(url).then(r => r.json());\n\n  const clean = s => s?.replace(\/\\t|\\n\/g,' ').trim() || '';\n\n  const matches = rows.map(r => {\n    const c = r.columns || [];\n    return {\n      date:  clean(c[1]),\n      time:  clean(c[2]),\n      round: clean(c[4]),\n      home:  clean(c[6]),\n      away:  clean(c[8]),\n      score: clean(c[11] || '')\n    };\n  });\n\n  \/\/ pinta una tabla sencilla\n  const el = document.getElementById('uroloki-matches');\n  el.innerHTML = `\n    <table>\n      <thead><tr><th>Fecha<\/th><th>Hora<\/th><th>Jornada<\/th><th>Local<\/th><th>Visitante<\/th><th>Resultado<\/th><\/tr><\/thead>\n      <tbody>\n        ${matches.map(m => `\n          <tr>\n            <td>${m.date}<\/td>\n            <td>${m.time}<\/td>\n            <td>${m.round}<\/td>\n            <td>${m.home}<\/td>\n            <td>${m.away}<\/td>\n            <td>${m.score}<\/td>\n          <\/tr>\n        `).join('')}\n      <\/tbody>\n    <\/table>\n  `;\n})();\n<\/script>\n<\/div>\n\t\t\t\t\t\t<\/div>\n\t\t\t\t<\/div>\n\t\t<div class=\"elementor-element elementor-element-94b78c5 e-flex e-con-boxed e-con e-parent\" data-id=\"94b78c5\" data-element_type=\"container\" data-e-type=\"container\">\n\t\t\t\t\t<div class=\"e-con-inner\">\n\t\t\t\t<div class=\"elementor-element elementor-element-71a5b1d elementor-widget elementor-widget-text-editor\" data-id=\"71a5b1d\" data-element_type=\"widget\" data-e-type=\"widget\" data-widget_type=\"text-editor.default\">\n\t\t\t\t\t\t\t\t\t<p>En construcci\u00f3n&#8230;<\/p>\t\t\t\t\t\t\t\t<\/div>\n\t\t\t\t\t<\/div>\n\t\t\t\t<\/div>\n\t\t<div class=\"elementor-element elementor-element-a2a810a e-flex e-con-boxed e-con e-parent\" data-id=\"a2a810a\" data-element_type=\"container\" data-e-type=\"container\">\n\t\t\t\t\t<div class=\"e-con-inner\">\n\t\t\t\t<div class=\"elementor-element elementor-element-cfb759c fade-wrap elementor-invisible elementor-widget elementor-widget-image\" data-id=\"cfb759c\" data-element_type=\"widget\" data-e-type=\"widget\" data-settings=\"{&quot;_animation&quot;:&quot;slideInUp&quot;}\" data-widget_type=\"image.default\">\n\t\t\t\t\t\t\t\t\t\t\t\t\t\t\t<img fetchpriority=\"high\" decoding=\"async\" width=\"800\" height=\"800\" src=\"https:\/\/www.urolokihl.com\/wp-content\/uploads\/2025\/11\/tmpcjwddy65.webp\" class=\"attachment-large size-large wp-image-672\" alt=\"\" srcset=\"https:\/\/www.urolokihl.com\/wp-content\/uploads\/2025\/11\/tmpcjwddy65.webp 1024w, https:\/\/www.urolokihl.com\/wp-content\/uploads\/2025\/11\/tmpcjwddy65-300x300.webp 300w, https:\/\/www.urolokihl.com\/wp-content\/uploads\/2025\/11\/tmpcjwddy65-150x150.webp 150w, https:\/\/www.urolokihl.com\/wp-content\/uploads\/2025\/11\/tmpcjwddy65-768x768.webp 768w, https:\/\/www.urolokihl.com\/wp-content\/uploads\/2025\/11\/tmpcjwddy65-12x12.webp 12w\" sizes=\"(max-width: 800px) 100vw, 800px\" \/>\t\t\t\t\t\t\t\t\t\t\t\t\t\t\t<\/div>\n\t\t\t\t\t<\/div>\n\t\t\t\t<\/div>\n\t\t\t\t<\/div>\n\t\t","protected":false},"excerpt":{"rendered":"<p>En construcci\u00f3n&#8230;<\/p>","protected":false},"author":1,"featured_media":0,"parent":0,"menu_order":0,"comment_status":"closed","ping_status":"open","template":"","meta":{"footnotes":""},"class_list":["post-501","page","type-page","status-publish","hentry"],"yoast_head":"<!-- This site is optimized with the Yoast SEO Premium plugin v27.1 (Yoast SEO v27.2) - https:\/\/yoast.com\/product\/yoast-seo-premium-wordpress\/ -->\n<title>Partidos - Uroloki Hockey L\u00ednea<\/title>\n<meta name=\"robots\" content=\"index, follow, max-snippet:-1, max-image-preview:large, max-video-preview:-1\" \/>\n<link rel=\"canonical\" href=\"https:\/\/www.urolokihl.com\/ca\/partidos\/\" \/>\n<meta property=\"og:locale\" content=\"ca_ES\" \/>\n<meta property=\"og:type\" content=\"article\" \/>\n<meta property=\"og:title\" content=\"Partidos\" \/>\n<meta property=\"og:description\" content=\"En construcci\u00f3n&#8230;\" \/>\n<meta property=\"og:url\" content=\"https:\/\/www.urolokihl.com\/ca\/partidos\/\" \/>\n<meta property=\"og:site_name\" content=\"Uroloki Hockey L\u00ednea\" \/>\n<meta property=\"article:modified_time\" content=\"2025-11-09T14:05:18+00:00\" \/>\n<meta property=\"og:image\" content=\"https:\/\/www.urolokihl.com\/wp-content\/uploads\/2025\/11\/tmpcjwddy65.webp\" \/>\n\t<meta property=\"og:image:width\" content=\"1024\" \/>\n\t<meta property=\"og:image:height\" content=\"1024\" \/>\n\t<meta property=\"og:image:type\" content=\"image\/webp\" \/>\n<meta name=\"twitter:card\" content=\"summary_large_image\" \/>\n<script type=\"application\/ld+json\" class=\"yoast-schema-graph\">{\"@context\":\"https:\/\/schema.org\",\"@graph\":[{\"@type\":\"WebPage\",\"@id\":\"https:\/\/www.urolokihl.com\/partidos\/\",\"url\":\"https:\/\/www.urolokihl.com\/partidos\/\",\"name\":\"Partidos - Uroloki Hockey L\u00ednea\",\"isPartOf\":{\"@id\":\"https:\/\/www.urolokihl.com\/#website\"},\"primaryImageOfPage\":{\"@id\":\"https:\/\/www.urolokihl.com\/partidos\/#primaryimage\"},\"image\":{\"@id\":\"https:\/\/www.urolokihl.com\/partidos\/#primaryimage\"},\"thumbnailUrl\":\"https:\/\/www.urolokihl.com\/wp-content\/uploads\/2025\/11\/tmpcjwddy65.webp\",\"datePublished\":\"2025-11-02T08:15:32+00:00\",\"dateModified\":\"2025-11-09T14:05:18+00:00\",\"breadcrumb\":{\"@id\":\"https:\/\/www.urolokihl.com\/partidos\/#breadcrumb\"},\"inLanguage\":\"ca\",\"potentialAction\":[{\"@type\":\"ReadAction\",\"target\":[\"https:\/\/www.urolokihl.com\/partidos\/\"]}]},{\"@type\":\"ImageObject\",\"inLanguage\":\"ca\",\"@id\":\"https:\/\/www.urolokihl.com\/partidos\/#primaryimage\",\"url\":\"https:\/\/www.urolokihl.com\/wp-content\/uploads\/2025\/11\/tmpcjwddy65.webp\",\"contentUrl\":\"https:\/\/www.urolokihl.com\/wp-content\/uploads\/2025\/11\/tmpcjwddy65.webp\"},{\"@type\":\"BreadcrumbList\",\"@id\":\"https:\/\/www.urolokihl.com\/partidos\/#breadcrumb\",\"itemListElement\":[{\"@type\":\"ListItem\",\"position\":1,\"name\":\"Home\",\"item\":\"https:\/\/www.urolokihl.com\/\"},{\"@type\":\"ListItem\",\"position\":2,\"name\":\"Partidos\"}]},{\"@type\":\"WebSite\",\"@id\":\"https:\/\/www.urolokihl.com\/#website\",\"url\":\"https:\/\/www.urolokihl.com\/\",\"name\":\"Barcelona Uroloki Hockey L\u00ednea\",\"description\":\"Club de hockey l\u00ednea en Barcelona. Aprende, compite y divi\u00e9rtete en Uroloki.\",\"publisher\":{\"@id\":\"https:\/\/www.urolokihl.com\/#organization\"},\"alternateName\":\"Barcelona Clot Uroloki HL\",\"potentialAction\":[{\"@type\":\"SearchAction\",\"target\":{\"@type\":\"EntryPoint\",\"urlTemplate\":\"https:\/\/www.urolokihl.com\/?s={search_term_string}\"},\"query-input\":{\"@type\":\"PropertyValueSpecification\",\"valueRequired\":true,\"valueName\":\"search_term_string\"}}],\"inLanguage\":\"ca\"},{\"@type\":[\"Organization\",\"Place\",\"SportsClub\"],\"@id\":\"https:\/\/www.urolokihl.com\/#organization\",\"name\":\"Barcelona Uroloki Hockey L\u00ednea\",\"alternateName\":\"Barcelona Clot Uroloki\",\"url\":\"https:\/\/www.urolokihl.com\/\",\"logo\":{\"@id\":\"https:\/\/www.urolokihl.com\/partidos\/#local-main-organization-logo\"},\"image\":{\"@id\":\"https:\/\/www.urolokihl.com\/partidos\/#local-main-organization-logo\"},\"sameAs\":[\"https:\/\/www.instagram.com\/uroloki_hl\/\"],\"description\":\"Club de hockey l\u00ednea en Barcelona. Aprende, compite y divi\u00e9rtete en Uroloki, un espacio donde grandes y peque\u00f1os viven la pasi\u00f3n por el hockey l\u00ednea en el barrio del Clot de Barcelona.\",\"legalName\":\"Uroloki Hockey L\u00ednea\",\"address\":{\"@id\":\"https:\/\/www.urolokihl.com\/partidos\/#local-main-place-address\"},\"telephone\":[],\"contactPoint\":{\"@type\":\"ContactPoint\",\"telephone\":\"+34 648 03 44 72\"},\"openingHoursSpecification\":[{\"@type\":\"OpeningHoursSpecification\",\"dayOfWeek\":[\"Monday\",\"Tuesday\",\"Wednesday\",\"Thursday\",\"Friday\",\"Saturday\",\"Sunday\"],\"opens\":\"09:00\",\"closes\":\"17:00\"}],\"email\":\"Urolokihockeylinea@gmail.com\",\"globalLocationNumber\":\"C56W+J4 Barcelona\"},{\"@type\":\"PostalAddress\",\"@id\":\"https:\/\/www.urolokihl.com\/partidos\/#local-main-place-address\",\"streetAddress\":\"Carrer d'Andrade, 40\",\"addressLocality\":\"Barcelona\",\"postalCode\":\"08018\",\"addressRegion\":\"Barcelona\",\"addressCountry\":\"ES\"},{\"@type\":\"ImageObject\",\"inLanguage\":\"ca\",\"@id\":\"https:\/\/www.urolokihl.com\/partidos\/#local-main-organization-logo\",\"url\":\"\",\"contentUrl\":\"\",\"caption\":\"Barcelona Uroloki Hockey L\u00ednea\"}]}<\/script>\n<meta name=\"geo.placename\" content=\"Barcelona\" \/>\n<meta name=\"geo.region\" content=\"Espanya\" \/>\n<!-- \/ Yoast SEO Premium plugin. -->","yoast_head_json":{"title":"Partidos - Uroloki Hockey L\u00ednea","robots":{"index":"index","follow":"follow","max-snippet":"max-snippet:-1","max-image-preview":"max-image-preview:large","max-video-preview":"max-video-preview:-1"},"canonical":"https:\/\/www.urolokihl.com\/ca\/partidos\/","og_locale":"ca_ES","og_type":"article","og_title":"Partidos","og_description":"En construcci\u00f3n&#8230;","og_url":"https:\/\/www.urolokihl.com\/ca\/partidos\/","og_site_name":"Uroloki Hockey L\u00ednea","article_modified_time":"2025-11-09T14:05:18+00:00","og_image":[{"width":1024,"height":1024,"url":"https:\/\/www.urolokihl.com\/wp-content\/uploads\/2025\/11\/tmpcjwddy65.webp","type":"image\/webp"}],"twitter_card":"summary_large_image","schema":{"@context":"https:\/\/schema.org","@graph":[{"@type":"WebPage","@id":"https:\/\/www.urolokihl.com\/partidos\/","url":"https:\/\/www.urolokihl.com\/partidos\/","name":"Partidos - Uroloki Hockey L\u00ednea","isPartOf":{"@id":"https:\/\/www.urolokihl.com\/#website"},"primaryImageOfPage":{"@id":"https:\/\/www.urolokihl.com\/partidos\/#primaryimage"},"image":{"@id":"https:\/\/www.urolokihl.com\/partidos\/#primaryimage"},"thumbnailUrl":"https:\/\/www.urolokihl.com\/wp-content\/uploads\/2025\/11\/tmpcjwddy65.webp","datePublished":"2025-11-02T08:15:32+00:00","dateModified":"2025-11-09T14:05:18+00:00","breadcrumb":{"@id":"https:\/\/www.urolokihl.com\/partidos\/#breadcrumb"},"inLanguage":"ca","potentialAction":[{"@type":"ReadAction","target":["https:\/\/www.urolokihl.com\/partidos\/"]}]},{"@type":"ImageObject","inLanguage":"ca","@id":"https:\/\/www.urolokihl.com\/partidos\/#primaryimage","url":"https:\/\/www.urolokihl.com\/wp-content\/uploads\/2025\/11\/tmpcjwddy65.webp","contentUrl":"https:\/\/www.urolokihl.com\/wp-content\/uploads\/2025\/11\/tmpcjwddy65.webp"},{"@type":"BreadcrumbList","@id":"https:\/\/www.urolokihl.com\/partidos\/#breadcrumb","itemListElement":[{"@type":"ListItem","position":1,"name":"Home","item":"https:\/\/www.urolokihl.com\/"},{"@type":"ListItem","position":2,"name":"Partidos"}]},{"@type":"WebSite","@id":"https:\/\/www.urolokihl.com\/#website","url":"https:\/\/www.urolokihl.com\/","name":"Barcelona Uroloki Hockey L\u00ednea","description":"Club de hockey l\u00ednea en Barcelona. Aprende, compite y divi\u00e9rtete en Uroloki.","publisher":{"@id":"https:\/\/www.urolokihl.com\/#organization"},"alternateName":"Barcelona Clot Uroloki HL","potentialAction":[{"@type":"SearchAction","target":{"@type":"EntryPoint","urlTemplate":"https:\/\/www.urolokihl.com\/?s={search_term_string}"},"query-input":{"@type":"PropertyValueSpecification","valueRequired":true,"valueName":"search_term_string"}}],"inLanguage":"ca"},{"@type":["Organization","Place","SportsClub"],"@id":"https:\/\/www.urolokihl.com\/#organization","name":"Barcelona Uroloki Hockey L\u00ednea","alternateName":"Barcelona Clot Uroloki","url":"https:\/\/www.urolokihl.com\/","logo":{"@id":"https:\/\/www.urolokihl.com\/partidos\/#local-main-organization-logo"},"image":{"@id":"https:\/\/www.urolokihl.com\/partidos\/#local-main-organization-logo"},"sameAs":["https:\/\/www.instagram.com\/uroloki_hl\/"],"description":"Club de hockey l\u00ednea en Barcelona. Aprende, compite y divi\u00e9rtete en Uroloki, un espacio donde grandes y peque\u00f1os viven la pasi\u00f3n por el hockey l\u00ednea en el barrio del Clot de Barcelona.","legalName":"Uroloki Hockey L\u00ednea","address":{"@id":"https:\/\/www.urolokihl.com\/partidos\/#local-main-place-address"},"telephone":[],"contactPoint":{"@type":"ContactPoint","telephone":"+34 648 03 44 72"},"openingHoursSpecification":[{"@type":"OpeningHoursSpecification","dayOfWeek":["Monday","Tuesday","Wednesday","Thursday","Friday","Saturday","Sunday"],"opens":"09:00","closes":"17:00"}],"email":"Urolokihockeylinea@gmail.com","globalLocationNumber":"C56W+J4 Barcelona"},{"@type":"PostalAddress","@id":"https:\/\/www.urolokihl.com\/partidos\/#local-main-place-address","streetAddress":"Carrer d'Andrade, 40","addressLocality":"Barcelona","postalCode":"08018","addressRegion":"Barcelona","addressCountry":"ES"},{"@type":"ImageObject","inLanguage":"ca","@id":"https:\/\/www.urolokihl.com\/partidos\/#local-main-organization-logo","url":"","contentUrl":"","caption":"Barcelona Uroloki Hockey L\u00ednea"}]},"geo.placename":"Barcelona","geo.region":"Espanya"},"_links":{"self":[{"href":"https:\/\/www.urolokihl.com\/ca\/wp-json\/wp\/v2\/pages\/501","targetHints":{"allow":["GET"]}}],"collection":[{"href":"https:\/\/www.urolokihl.com\/ca\/wp-json\/wp\/v2\/pages"}],"about":[{"href":"https:\/\/www.urolokihl.com\/ca\/wp-json\/wp\/v2\/types\/page"}],"author":[{"embeddable":true,"href":"https:\/\/www.urolokihl.com\/ca\/wp-json\/wp\/v2\/users\/1"}],"replies":[{"embeddable":true,"href":"https:\/\/www.urolokihl.com\/ca\/wp-json\/wp\/v2\/comments?post=501"}],"version-history":[{"count":37,"href":"https:\/\/www.urolokihl.com\/ca\/wp-json\/wp\/v2\/pages\/501\/revisions"}],"predecessor-version":[{"id":675,"href":"https:\/\/www.urolokihl.com\/ca\/wp-json\/wp\/v2\/pages\/501\/revisions\/675"}],"wp:attachment":[{"href":"https:\/\/www.urolokihl.com\/ca\/wp-json\/wp\/v2\/media?parent=501"}],"curies":[{"name":"wp","href":"https:\/\/api.w.org\/{rel}","templated":true}]}}